{"id":1184,"date":"2022-01-18T16:32:49","date_gmt":"2022-01-18T16:32:49","guid":{"rendered":"https:\/\/egroundwater.com\/?page_id=1184"},"modified":"2024-11-14T16:34:00","modified_gmt":"2024-11-14T16:34:00","slug":"publicaciones","status":"publish","type":"page","link":"https:\/\/egroundwater.com\/es\/publicaciones\/","title":{"rendered":"Publicaciones"},"content":{"rendered":"<p>[et_pb_section fb_built=&#8221;1&#8243; custom_padding_last_edited=&#8221;on|tablet&#8221; module_class=&#8221;vitamina-pseudo-breadcrumbs-seccion&#8221; _builder_version=&#8221;4.16&#8243; _module_preset=&#8221;default&#8221; background_color=&#8221;rgba(0,0,0,0)&#8221; vertical_offset_tablet=&#8221;0&#8243; horizontal_offset_tablet=&#8221;0&#8243; custom_padding=&#8221;||125px|&#8221; custom_padding_tablet=&#8221;||||false|false&#8221; custom_padding_phone=&#8221;&#8221; box_shadow_horizontal_tablet=&#8221;0px&#8221; box_shadow_vertical_tablet=&#8221;0px&#8221; box_shadow_blur_tablet=&#8221;40px&#8221; box_shadow_spread_tablet=&#8221;0px&#8221; locked=&#8221;off&#8221; global_colors_info=&#8221;{}&#8221;][et_pb_row module_class=&#8221;vitamina-row-mas-ancha vitamina-pseudo-breadcrumbs-pagina&#8221; _builder_version=&#8221;4.16&#8243; _module_preset=&#8221;default&#8221; vertical_offset_tablet=&#8221;0&#8243; horizontal_offset_tablet=&#8221;0&#8243; custom_margin=&#8221;10px|||&#8221; z_index_tablet=&#8221;0&#8243; box_shadow_horizontal_tablet=&#8221;0px&#8221; box_shadow_vertical_tablet=&#8221;0px&#8221; box_shadow_blur_tablet=&#8221;40px&#8221; box_shadow_spread_tablet=&#8221;0px&#8221; global_colors_info=&#8221;{}&#8221;][et_pb_column type=&#8221;4_4&#8243; _builder_version=&#8221;4.16&#8243; _module_preset=&#8221;default&#8221; global_colors_info=&#8221;{}&#8221;][et_pb_code admin_label=&#8221;PseudoBreadmCrumbs&#8221; _builder_version=&#8221;4.16&#8243; _module_preset=&#8221;default&#8221; global_colors_info=&#8221;{}&#8221;]<div class=\"pseudo-breadcrumbs-inner\"><a href=\"https:\/\/egroundwater.com\/es\/\" rel=\"nofollow\">Home<\/a>&nbsp;&nbsp;<span> > <\/span>&nbsp;&nbsp;Publicaciones<\/div>[\/et_pb_code][\/et_pb_column][\/et_pb_row][\/et_pb_section][et_pb_section fb_built=&#8221;1&#8243; custom_padding_last_edited=&#8221;on|desktop&#8221; _builder_version=&#8221;4.16&#8243; _module_preset=&#8221;default&#8221; background_color=&#8221;rgba(0,0,0,0)&#8221; vertical_offset_tablet=&#8221;0&#8243; horizontal_offset_tablet=&#8221;0&#8243; custom_margin=&#8221;18px||||false|false&#8221; custom_padding=&#8221;0px||0px||false|false&#8221; custom_padding_tablet=&#8221;0px||0px||false|false&#8221; custom_padding_phone=&#8221;&#8221; box_shadow_horizontal_tablet=&#8221;0px&#8221; box_shadow_vertical_tablet=&#8221;0px&#8221; box_shadow_blur_tablet=&#8221;40px&#8221; box_shadow_spread_tablet=&#8221;0px&#8221; locked=&#8221;off&#8221; global_colors_info=&#8221;{}&#8221;][et_pb_row module_class=&#8221;vitamina-row-mas-ancha&#8221; _builder_version=&#8221;4.16&#8243; _module_preset=&#8221;default&#8221; vertical_offset_tablet=&#8221;0&#8243; horizontal_offset_tablet=&#8221;0&#8243; custom_margin=&#8221;20px||||false|false&#8221; custom_padding=&#8221;0px||0px||false|false&#8221; z_index_tablet=&#8221;0&#8243; box_shadow_horizontal_tablet=&#8221;0px&#8221; box_shadow_vertical_tablet=&#8221;0px&#8221; box_shadow_blur_tablet=&#8221;40px&#8221; box_shadow_spread_tablet=&#8221;0px&#8221; global_colors_info=&#8221;{}&#8221;][et_pb_column type=&#8221;4_4&#8243; _builder_version=&#8221;4.16&#8243; _module_preset=&#8221;default&#8221; global_colors_info=&#8221;{}&#8221;][et_pb_text admin_label=&#8221;%91h1%93: Publicaciones&#8221; _builder_version=&#8221;4.16&#8243; _module_preset=&#8221;default&#8221; custom_margin=&#8221;10px||||false|false&#8221; custom_padding=&#8221;||0px||false|false&#8221; global_colors_info=&#8221;{}&#8221;]<\/p>\n<h1>PUBLICACIONES<\/h1>\n<p>[\/et_pb_text][\/et_pb_column][\/et_pb_row][\/et_pb_section][et_pb_section fb_built=&#8221;1&#8243; custom_padding_last_edited=&#8221;on|desktop&#8221; _builder_version=&#8221;4.16&#8243; _module_preset=&#8221;default&#8221; background_color=&#8221;#EFF0F0&#8243; vertical_offset_tablet=&#8221;0&#8243; horizontal_offset_tablet=&#8221;0&#8243; custom_margin=&#8221;18px||||false|false&#8221; custom_padding=&#8221;0px||125px||false|false&#8221; custom_padding_tablet=&#8221;0px||0px||false|false&#8221; custom_padding_phone=&#8221;&#8221; box_shadow_horizontal_tablet=&#8221;0px&#8221; box_shadow_vertical_tablet=&#8221;0px&#8221; box_shadow_blur_tablet=&#8221;40px&#8221; box_shadow_spread_tablet=&#8221;0px&#8221; locked=&#8221;off&#8221; global_colors_info=&#8221;{}&#8221;][et_pb_row module_class=&#8221;vitamina-row-mas-ancha&#8221; _builder_version=&#8221;4.16&#8243; _module_preset=&#8221;default&#8221; vertical_offset_tablet=&#8221;0&#8243; horizontal_offset_tablet=&#8221;0&#8243; custom_margin=&#8221;0px||||false|false&#8221; custom_padding=&#8221;90px||||false|false&#8221; z_index_tablet=&#8221;0&#8243; box_shadow_horizontal_tablet=&#8221;0px&#8221; box_shadow_vertical_tablet=&#8221;0px&#8221; box_shadow_blur_tablet=&#8221;40px&#8221; box_shadow_spread_tablet=&#8221;0px&#8221; global_colors_info=&#8221;{}&#8221;][et_pb_column type=&#8221;4_4&#8243; _builder_version=&#8221;4.16&#8243; _module_preset=&#8221;default&#8221; global_colors_info=&#8221;{}&#8221;][et_pb_text _builder_version=&#8221;4.27.0&#8243; _module_preset=&#8221;default&#8221; hover_enabled=&#8221;0&#8243; global_colors_info=&#8221;{}&#8221; sticky_enabled=&#8221;0&#8243;]<\/p>\n<ul>\n<li>Carles Sanchis Ibor, Zhour Bouzidi, Marta Pedro Varanda, Esther L\u00f3pez-P\u00e9rez, Jean-Daniel Rinaudo, Marta Nieto-Romero, Marta Garc\u00eda-Moll\u00e1, Nicolas Faysse, Adri\u00e0 Rubio-Mart\u00edn, Zakia Kchikech, Abdelouahab Nejjari, Elena Lopez-Gunn, Fatima Zahrae Boubekri, and Manuel Pulido-Velazquez. (2024)<\/li>\n<\/ul>\n<p><a href=\"https:\/\/www.mdpi.com\/2073-4441\/16\/19\/2800\"><strong>Can Enhanced Information Systems and Citizen Science Improve Groundwater Governance? Lessons from Morocco, Portugal and Spain <\/strong><\/a><\/p>\n<ul>\n<li>Elena L\u00f3pez Gunn, Marta Rica, Ibon Zugasti, Oihana Hernaez, Manuel Pulido-Velazquez, Carles Sanchis-Ibor. (2024)<\/li>\n<\/ul>\n<p><a href=\"https:\/\/iwaponline.com\/wp\/article\/doi\/10.2166\/wp.2024.033\/105729\"><strong>Use of the Delphi method to assess the potential role of enhanced information systems in Mediterranean groundwater management and governance\u00a0<\/strong><\/a><\/p>\n<ul>\n<li>Zakia Kchikech, Zhour Bouzidi and Nicolas Faysse. (2024)<\/li>\n<\/ul>\n<p><strong><a href=\"https:\/\/www.water-alternatives.org\/index.php\/progress\" target=\"_blank\" rel=\"noopener\">Unveiling unexpected social changes in a groundwater economy in the Middle Atlas, Morocco. Water Alternatives 17(1): 73-93.<\/a><\/strong><\/p>\n<ul>\n<li>Carles Sanchis Ibor, Esther L\u00f3pez-P\u00e9rez, Marta Garc\u00eda-Moll\u00e1, Elena L\u00f3pez-Gunn, Adri\u00e0 Rubio-Mart\u00edn, Manuel Pulido-Velazquez, Sergio Segura-Calero. (2023)<\/li>\n<\/ul>\n<p><a href=\"https:\/\/thecommonsjournal.org\/articles\/10.5334\/ijc.1355\" target=\"_blank\" rel=\"noopener\"><strong>Advancing Co-governance through Framing Processes: Insights from Action-Research in the Requena-Utiel Aquifer (Eastern Spain)\u00a0<\/strong><\/a><\/p>\n<ul>\n<li>Rouillard J., Babbitt C., Pulido-Velazquez M., Rinaudo J.D. (2021).<\/li>\n<\/ul>\n<p><strong><a href=\"https:\/\/doi.org\/10.1029\/2020WR028951\" target=\"_blank\" rel=\"noopener\">Transitioning out of Open Access: A Closer Look at Institutions for Management of Groundwater Rights in France, California, and Spain. Water Resources Research, 57, e2020WR028951<\/a><\/strong>.<\/p>\n<ul>\n<li>Rubio-Martin A., Macian-Sorribes H., Lopez-Perez E., Garcia-Prats A., Manzano-Juarez J. Jimenez-Bello M.A., Pulido-Velazquez M. (2021).<\/li>\n<\/ul>\n<p><strong><a href=\"https:\/\/doi.org\/10.5194\/egusphere-egu21-12273\" target=\"_blank\" rel=\"noopener\">Forecasting groundwater pumping cap in an overexploited Mediterranean aquifer using seasonal meteorological forecasts from Copernicus Climate Change Service. EGU General Assembly 2021, online, 19\u201330 Apr 2021, EGU21-12273, 2021.<\/a><\/strong><\/p>\n<ul>\n<li>L\u00f3pez P\u00e9rez, E.; Sanchis Ibor, C.; Jim\u00e9nez Bello, M.A.; Rubio-Mart\u00edn, A.; Macian-Sorribes, H.; Garcia-Prats, A., Garcia-Molla, M., Pulido-Velazquez, M. (2021).<\/li>\n<\/ul>\n<p><strong><a href=\"http:\/\/dx.doi.org\/10.31428\/10317\/10131\" target=\"_blank\" rel=\"noopener\">Mapeo de \u00e1reas regadas usando datos geoespaciales y teledetecci\u00f3n en el municipio de Caudete de las Fuentes (Valencia). EN XXXVIII Congreso Nacional de Riegos Parte II. (1 &#8211; 9). Cartagena, Spain: Universidad Polit\u00e9cnica de Cartagena.<\/a>\u00a0<\/strong><\/p>\n<ul>\n<li>Neces M.C., Nunes L., Monteiro J.P. (2020).<\/li>\n<\/ul>\n<p><a href=\"https:\/\/doi.org\/10.1016\/j.ejrh.2020.100734\" target=\"_blank\" rel=\"noopener\"><strong>Evaluation of GRACE data for water resource management in Iberia: a case study of groundwater storage monitoring in the Algarve region. \u00a0Journal of Hydrology: Regional Studies, Volume 32, December 2020, 100734\u00a0<\/strong><\/a><\/p>\n<ul>\n<li>Zhour Bouzidi, Nicolas Faysse, Insaf Mekki, Intissar Ferchichi, Emeline Hassenforder, Jean-Daniel Rinaudo.<\/li>\n<\/ul>\n<p><strong><a href=\"https:\/\/alternatives-rurales.org\/gestion-durable-des-ressources-en-eau-souterraine-au-maroc-et-en-tunisie-quels-apports-de-quelques-experiences-fonctionnelles-pour-reflechir-a-des-solutions-locales\/\" target=\"_blank\" rel=\"noopener\">Sustainable management of groundwater resources in Morocco and Tunisia: how \u00a0existing cases of functional groundwater management can help thinking about local solutions?<\/a><\/strong>[\/et_pb_text][\/et_pb_column][\/et_pb_row][\/et_pb_section]<\/p>\n","protected":false},"excerpt":{"rendered":"<p><div class=\"pseudo-breadcrumbs-inner\"><a href=\"https:\/\/egroundwater.com\/es\/\" rel=\"nofollow\">Home<\/a>&nbsp;&nbsp;<span> > <\/span>&nbsp;&nbsp;Publicaciones<\/div>PUBLICACIONES Carles Sanchis Ibor, Zhour Bouzidi, Marta Pedro Varanda, Esther L\u00f3pez-P\u00e9rez, Jean-Daniel Rinaudo, Marta Nieto-Romero, Marta Garc\u00eda-Moll\u00e1, Nicolas Faysse, Adri\u00e0 Rubio-Mart\u00edn, Zakia Kchikech, Abdelouahab Nejjari, Elena Lopez-Gunn, Fatima Zahrae Boubekri, and Manuel Pulido-Velazquez. (2024) Can Enhanced Information Systems and Citizen Science Improve Groundwater Governance? Lessons from Morocco, Portugal and Spain Elena L\u00f3pez [&hellip;]<\/p>\n","protected":false},"author":2,"featured_media":0,"parent":0,"menu_order":0,"comment_status":"closed","ping_status":"closed","template":"","meta":{"_et_pb_use_builder":"on","_et_pb_old_content":"","_et_gb_content_width":"","footnotes":""},"class_list":["post-1184","page","type-page","status-publish","hentry"],"_links":{"self":[{"href":"https:\/\/egroundwater.com\/es\/wp-json\/wp\/v2\/pages\/1184","targetHints":{"allow":["GET"]}}],"collection":[{"href":"https:\/\/egroundwater.com\/es\/wp-json\/wp\/v2\/pages"}],"about":[{"href":"https:\/\/egroundwater.com\/es\/wp-json\/wp\/v2\/types\/page"}],"author":[{"embeddable":true,"href":"https:\/\/egroundwater.com\/es\/wp-json\/wp\/v2\/users\/2"}],"replies":[{"embeddable":true,"href":"https:\/\/egroundwater.com\/es\/wp-json\/wp\/v2\/comments?post=1184"}],"version-history":[{"count":10,"href":"https:\/\/egroundwater.com\/es\/wp-json\/wp\/v2\/pages\/1184\/revisions"}],"predecessor-version":[{"id":1948,"href":"https:\/\/egroundwater.com\/es\/wp-json\/wp\/v2\/pages\/1184\/revisions\/1948"}],"wp:attachment":[{"href":"https:\/\/egroundwater.com\/es\/wp-json\/wp\/v2\/media?parent=1184"}],"curies":[{"name":"wp","href":"https:\/\/api.w.org\/{rel}","templated":true}]}}