{"id":203,"date":"2020-11-05T09:36:10","date_gmt":"2020-11-05T09:36:10","guid":{"rendered":"http:\/\/egroundwater.com\/?page_id=203"},"modified":"2020-12-16T16:44:18","modified_gmt":"2020-12-16T16:44:18","slug":"aviso-legal","status":"publish","type":"page","link":"https:\/\/egroundwater.com\/es\/aviso-legal\/","title":{"rendered":"Aviso Legal"},"content":{"rendered":"<p>El presente Aviso legal ha sido elaborado con respeto y cumplimiento de las disposiciones recogidas en la Ley Org\u00e1nica 15\/1999, de 13 de Diciembre, de Protecci\u00f3n de Datos de Car\u00e1cter Personal y en la Ley 34\/2002, de 11 de Julio, de Servicios de la Sociedad de la Informaci\u00f3n y de Comercio Electr\u00f3nico.<\/p>\n<h2>1. Titularidad del sitio web<\/h2>\n<p>1.1. El sitio web www.egroundwater.com es titularidad IIAMA \u2013 UPV<\/p>\n<p>1.2. La utilizaci\u00f3n del Sitio Web atribuye la condici\u00f3n de Usuario del sitio Web e implica la aceptaci\u00f3n plena y sin reservas de todas y cada una de las disposiciones incluidas en este Aviso Legal en la versi\u00f3n publicada por IIAMA \u2013 UPV\u00a0 el momento mismo en que el Usuario acceda al Sitio Web.<\/p>\n<p>1.3. IIAMA \u2013 UPV\u00a0 se reserva el derecho de modificar el presente aviso legal, siendo obligaci\u00f3n del Usuario revisar peri\u00f3dicamente las condiciones que son actualizadas por ITI.<\/p>\n<h2>2. Objeto del sitio web<\/h2>\n<p>El objeto del Sitio web es dar difusi\u00f3n de las actividades que realiza eGROUNDWATER as\u00ed como la publicaci\u00f3n de eventos y noticias de terceros relacionados.<\/p>\n<h2>3. Utilizaci\u00f3n del sitio web<\/h2>\n<p>3.1. El acceso al sitio web est\u00e1 dirigido a mayores de 18 a\u00f1os.<\/p>\n<p>3.2. Para hacer uso de los Servicios, los menores de edad deber\u00e1n obtener previamente permiso de sus padres, tutores o representantes legales, quienes ser\u00e1n considerados responsables de todos los actos realizados por los menores a su cargo.<\/p>\n<p>3.3 El acceso a la parte privada del Sitio Web esta exclusivamente dirigida a personal IIAMA \u2013 UPV\u00a0y externo previamente autorizados y a quienes se les ha suministrado un usuario y un password para acceder a la misma.<\/p>\n<p>3.4 Los usuarios con permiso para acceder a la parte privada son los \u00fanicos responsables de conservar y custodiar su contrase\u00f1a.<\/p>\n<p>3.5 Obligaci\u00f3n de hacer un uso correcto del Sitio web.<\/p>\n<p>3.5.1. El Usuario se compromete a utilizar el Sitio Web de conformidad con la ley, el presente Aviso Legal y dem\u00e1s avisos, reglamentos de uso e instrucciones puestos en su conocimiento, as\u00ed como con la moral y las buenas costumbres generalmente aceptadas y el orden p\u00fablico.<\/p>\n<p>3.5.2. A tal efecto, el Usuario se abstendr\u00e1 de utilizar cualquiera de los Servicios con fines o efectos il\u00edcitos, prohibidos en el presente Aviso Legal, lesivos de los derechos e intereses de terceros, lesivos de su imagen personal y\/o profesional, o que de cualquier forma puedan da\u00f1ar, inutilizar, sobrecargar, deteriorar o impedir la normal utilizaci\u00f3n de los Servicios, los equipos inform\u00e1ticos o los documentos, archivos y toda clase de contenidos almacenados en cualquier equipo inform\u00e1tico (hacking) de IIAMA \u2013 UPV\u00a0 de otros Usuarios o de cualquier usuario de Internet (hardware y software).<\/p>\n<p>3.5.3. En particular, y a t\u00edtulo meramente indicativo y no exhaustivo, el Usuario se compromete a no transmitir, difundir o poner a disposici\u00f3n de terceros informaciones, datos, contenidos, mensajes, gr\u00e1ficos, dibujos, archivos de sonido y\/o imagen, fotograf\u00edas, grabaciones, software y, en general, cualquier clase de material que:<\/p>\n<p>(a) de cualquier forma sea contrario, menosprecie o atente contra los derechos fundamentales y las libertades p\u00fablicas reconocidas constitucionalmente, en los Tratados internacionales y en el resto de la legislaci\u00f3n;<\/p>\n<p>(b) induzca, incite o promueva actuaciones delictivas, denigratorias, difamatorias, infamantes, violentas o, en general, contrarias a la ley, a la moral y buenas costumbres generalmente aceptadas o al orden p\u00fablico;<\/p>\n<p>(c) induzca, incite o promueva actuaciones, actitudes o pensamientos discriminatorios por raz\u00f3n de sexo, raza, religi\u00f3n, creencias, edad o condici\u00f3n;<\/p>\n<p>(d) incorpore, ponga a disposici\u00f3n o permita acceder a productos, elementos, mensajes y\/o servicios delictivos, violentos, ofensivos, nocivos, degradantes o, en general, contrarios a la ley, a la moral y a las buenas costumbres generalmente aceptadas o al orden p\u00fablico;<\/p>\n<p>(e) induzca o pueda inducir a un estado inaceptable de ansiedad o temor;<\/p>\n<p>(f) induzca o incite a involucrarse en pr\u00e1cticas peligrosas, de riesgo o nocivas para la salud y el equilibrio ps\u00edquico;<\/p>\n<p>(g) sea falso, ambiguo, inexacto, exagerado o extempor\u00e1neo, de forma que induzca o pueda inducir a error sobre su objeto o sobre las intenciones o prop\u00f3sitos del comunicante;<\/p>\n<p>(h) se encuentre protegido por cualesquiera derechos de propiedad intelectual o industrial pertenecientes a terceros, sin que el Usuario haya obtenido previamente de sus titulares la autorizaci\u00f3n necesaria para llevar a cabo el uso que efect\u00faa o pretende efectuar;<\/p>\n<p>(i) viole los secretos empresariales de terceros;<\/p>\n<p>(j) sea contrario al derecho al honor, a la intimidad personal y familiar o a la propia imagen de las personas;<\/p>\n<p>(k) de cualquier manera menoscabe el cr\u00e9dito de IIAMA \u2013 UPV\u00a0 o de terceros;<\/p>\n<p>(l) infrinja la normativa sobre secreto de las comunicaciones;<\/p>\n<p>(m) constituya, en su caso, publicidad il\u00edcita, enga\u00f1osa o desleal y, en general, que constituya competencia desleal;<\/p>\n<p>(n) incorpore virus u otros elementos f\u00edsicos o electr\u00f3nicos que puedan da\u00f1ar o impedir el normal funcionamiento de la red, del sistema o de equipos inform\u00e1ticos (hardware y software) de IIAMA \u2013 UPV\u00a0o de terceros o que puedan da\u00f1ar los documentos electr\u00f3nicos y archivos almacenados en dichos equipos inform\u00e1ticos;<\/p>\n<p>(o) provoque por sus caracter\u00edsticas (tales como formato, extensi\u00f3n, etc.) dificultades en el normal funcionamiento del Servicio;<\/p>\n<p>3.6 IIAMA \u2013 UPV\u00a0 no asume ninguna responsabilidad sobre los enlaces externos que, en su caso, pudieran incluirse en el Sitio Web, ya que no tiene ning\u00fan tipo de control sobre los mismos, por lo que el usuario accede bajo su exclusiva responsabilidad al contenido y en las condiciones de uso que rijan en los mismos.<\/p>\n<p>3.7. IIAMA \u2013 UPV\u00a0no asume responsabilidad alguna derivada de los contenidos cargados por terceros en este sitio web sin su consentimiento o conocimiento, o sobre aqu\u00e9llos cuya ilegalidad desconozca por no haberle sido previamente comunicada a trav\u00e9s de un canal fehaciente y recepticio.<\/p>\n<h2>4. Protecci\u00f3n de datos de car\u00e1cter personal<\/h2>\n<p>4.1. Los datos de car\u00e1cter personal que proporcione el Usuario formar\u00e1n parte de un fichero titularidad de ITI, con la finalidad de gestionar la relaci\u00f3n como Usuario del Sitio Web, resolver sus dudas y consultas.<\/p>\n<p>4.2. Asimismo, se le enviar\u00e1 informaci\u00f3n referente a nuestra actividad, como novedades, promociones, descuentos, que pueden ser de su inter\u00e9s.<\/p>\n<p>4.3. IIAMA \u2013 UPV\u00a0manifiesta que toda la informaci\u00f3n ser\u00e1 tratada de forma confidencial, as\u00ed como la efectiva implementaci\u00f3n de todas las medidas de seguridad que garanticen la seguridad de sus datos de car\u00e1cter personal.<\/p>\n<p>4.4. El Usuario podr\u00e1 en cualquier momento ejercer los derechos de acceso, rectificaci\u00f3n, oposici\u00f3n o cancelaci\u00f3n, para ello ha de remitir una carta o correo electr\u00f3nico manifestando el derecho que desea ejercer adjuntando una copia del Documento nacional de identidad o documentaci\u00f3n similar a la direcci\u00f3n arriba indicada.<\/p>\n<h2>4.5 Cookies<\/h2>\n<p>4.5.1. Con la finalidad de agilizar el servicio ofrecido, IIAMA \u2013 UPV\u00a0 utilizar\u00e1 \u00abcookies\u00bb, para ofrecerle un servicio mejor y m\u00e1s personalizado. Esta \u00abcookie\u00bb se instala cuando comienza la sesi\u00f3n de navegaci\u00f3n por cualquiera de los sitios web de IIAMA \u2013 UPV\u00a0. Si el Usuario no desea que se instale en su disco duro una \u00abcookie\u00bb, debe configurar su navegador para no recibirlas, utilizando para este procedimiento el recomendado por su navegador, o bien eliminarla directamente en su ordenador.<\/p>\n<p>4.5.2. En caso de eliminaci\u00f3n de las \u201ccookies\u201d, la rapidez y calidad en el funcionamiento de los servicios de IIAMA \u2013 UPV\u00a0puede disminuir.<\/p>\n<p>IIAMA \u2013 UPV va a guardar su ruta de navegaci\u00f3n t\u00edpica para adaptar nuestros servicios lo m\u00e1ximo posible a sus preferencias. El Usuario consiente expresamente la utilizaci\u00f3n de \u00abcookies\u00bb por IIAMA \u2013 UPV\u00a0 sin que sea necesario de nuevo solicitarle su consentimiento cada vez que entre en nuestro sitio web.<\/p>\n<h2>5. Propiedad intelectual e industrial<\/h2>\n<p>5.1. IIAMA \u2013 UPV es titular de los derechos de propiedad intelectual e industrial, o ha obtenido las autorizaciones o licencias correspondientes para su explotaci\u00f3n, asociados al nombre de dominio, las marcas y signos distintivos, la aplicaci\u00f3n, la informaci\u00f3n, los programas de ordenador y el resto de obras e invenciones contenidos o relacionados con este sitio web y la tecnolog\u00eda asociada al mismo.<\/p>\n<p>5.2. Los contenidos de este sitio web, incluyendo dise\u00f1os, aplicaciones, texto, im\u00e1genes y c\u00f3digo fuente (\u201cContenido\u201d), est\u00e1n protegidos por derechos de propiedad intelectual e industrial, excepto los contenidos de terceros que en \u00e9l aparezcan.<\/p>\n<p>5.3. Los contenidos de este sitio web no podr\u00e1n ser utilizados, reproducidos, copiados, transformados o transmitidos en forma alguna sin el permiso previo, escrito y expl\u00edcito de IIAMA \u2013 UPV<\/p>\n<h2>6. Legislaci\u00f3n aplicable y sumisi\u00f3n a fuero<\/h2>\n<p>6.1 En lo previsto en el presente aviso, as\u00ed como en la interpretaci\u00f3n y resoluci\u00f3n de conflictos que pudieran surgir entre el usuario e IIAMA \u2013 UPV , ser\u00e1 de aplicaci\u00f3n la legislaci\u00f3n espa\u00f1ola.<\/p>\n<p>6.2 Tanto el usuario como IIAMA \u2013 UPV\u00a0, con renuncia expresa a cualquier fuero, que, conforme a derecho pudiera corresponderles, se someten a la jurisdicci\u00f3n de los Juzgados y Tribunales de la ciudad de Valencia.<\/p>\n","protected":false},"excerpt":{"rendered":"<p>El presente Aviso legal ha sido elaborado con respeto y cumplimiento de las disposiciones recogidas en la Ley Org\u00e1nica 15\/1999, de 13 de Diciembre, de Protecci\u00f3n de Datos de Car\u00e1cter Personal y en la Ley 34\/2002, de 11 de Julio, de Servicios de la Sociedad de la Informaci\u00f3n y de Comercio Electr\u00f3nico. 1. Titularidad del [&hellip;]<\/p>\n","protected":false},"author":1,"featured_media":0,"parent":0,"menu_order":0,"comment_status":"closed","ping_status":"closed","template":"","meta":{"_et_pb_use_builder":"","_et_pb_old_content":"","_et_gb_content_width":"","footnotes":""},"class_list":["post-203","page","type-page","status-publish","hentry"],"_links":{"self":[{"href":"https:\/\/egroundwater.com\/es\/wp-json\/wp\/v2\/pages\/203","targetHints":{"allow":["GET"]}}],"collection":[{"href":"https:\/\/egroundwater.com\/es\/wp-json\/wp\/v2\/pages"}],"about":[{"href":"https:\/\/egroundwater.com\/es\/wp-json\/wp\/v2\/types\/page"}],"author":[{"embeddable":true,"href":"https:\/\/egroundwater.com\/es\/wp-json\/wp\/v2\/users\/1"}],"replies":[{"embeddable":true,"href":"https:\/\/egroundwater.com\/es\/wp-json\/wp\/v2\/comments?post=203"}],"version-history":[{"count":0,"href":"https:\/\/egroundwater.com\/es\/wp-json\/wp\/v2\/pages\/203\/revisions"}],"wp:attachment":[{"href":"https:\/\/egroundwater.com\/es\/wp-json\/wp\/v2\/media?parent=203"}],"curies":[{"name":"wp","href":"https:\/\/api.w.org\/{rel}","templated":true}]}}