{"id":206,"date":"2020-11-05T09:39:51","date_gmt":"2020-11-05T09:39:51","guid":{"rendered":"http:\/\/egroundwater.com\/?page_id=206"},"modified":"2020-12-16T16:47:20","modified_gmt":"2020-12-16T16:47:20","slug":"politica-de-privacidad","status":"publish","type":"page","link":"https:\/\/egroundwater.com\/es\/politica-de-privacidad\/","title":{"rendered":"Pol\u00edtica de privacidad"},"content":{"rendered":"<h2>Identificaci\u00f3n del responsable del tratamiento de datos:<\/h2>\n<p><strong>IIAMA<\/strong><br \/>\nCiudad Polit\u00e9cnica de la Innovaci\u00f3n,<br \/>\nEdificio 8G Acceso D, 5\u00aa planta<br \/>\nCamino de Vera S\/N \u2013 46022<br \/>\nValencia \u2013 Spain<\/p>\n<h2>\u00bfQu\u00e9 datos personales tratamos?<\/h2>\n<p>Tratamos tus datos en el marco de su navegaci\u00f3n por nuestra web, contacto a trav\u00e9s de e-mail o los formularios de contacto o env\u00edo de informaci\u00f3n incluidos en ella.<\/p>\n<p>Durante la navegaci\u00f3n del usuario por nuestra p\u00e1gina web podremos tratar datos personales de las siguientes categor\u00edas:<\/p>\n<ul>\n<li>Datos identificativos y de navegaci\u00f3n (nombre, apellidos, e-mail, IP, etc.)<\/li>\n<li>Direcci\u00f3n postal o electr\u00f3nica<\/li>\n<li>Informaci\u00f3n comercial<\/li>\n<li>Informaci\u00f3n sobre candidaturas a puestos de trabajo de ITI o empresas asociadas<\/li>\n<\/ul>\n<p>En cualquier caso, los datos personales son obtenidos directamente del interesado o a trav\u00e9s de nuestras cookies.<\/p>\n<h2>\u00bfCon qu\u00e9 finalidad tratamos sus datos?<\/h2>\n<p>Te informamos que ITI, trata tus datos con la finalidad de facilitarte informaci\u00f3n sobre el objeto y actividad de la entidad y en relaci\u00f3n a nuestros desarrollos, investigaciones o servicios o, en caso de la secci\u00f3n de empleo, para estudiar tu candidatura a puestos de trabajo de ITI o de empresas asociadas.<\/p>\n<p>El periodo de conservaci\u00f3n de tus datos ser\u00e1 el necesario para el mantenimiento de la relaci\u00f3n con ITI y, una vez finalizada la misma, por un m\u00e1ximo de 5 a\u00f1os. Para los datos de navegaci\u00f3n, el per\u00edodo de conservaci\u00f3n m\u00e1ximo ser\u00e1 de 1 a\u00f1o desde su recogida.<\/p>\n<p>En algunos casos, podremos enviarte boletines en base al inter\u00e9s leg\u00edtimo de ITI con el fin de dar a conocer o promocionar la actividad de la entidad. En esos casos, como usuario siempre contar\u00e1s con una v\u00eda para oponerte a la recepci\u00f3n de dichas comunicaciones.<\/p>\n<h2>\u00bfComunicamos sus datos a terceros?<\/h2>\n<p>No comunicamos, en ning\u00fan caso, tus datos a terceros. En caso de ser necesaria dicha comunicaci\u00f3n, te solicitar\u00edamos previamente su autorizaci\u00f3n informada de forma expl\u00edcita.<\/p>\n<h2>\u00bfTransferimos datos a pa\u00edses fuera del Espacio Econ\u00f3mico Europeo?<\/h2>\n<p>Algunos de nuestros prestadores de servicios est\u00e1n ubicados en Estados Unidos u otros pa\u00edses ubicados fuera del Espacio Econ\u00f3mico Europeo. Los servicios de estos proveedores implican la existencia de una transferencia internacional de tus datos personales, lo que podr\u00eda suponer un menor grado de protecci\u00f3n que el recogido en la normativa europea. No obstante, todos los proveedores de este tipo han suscrito con nosotros las correspondientes cl\u00e1usulas contractuales tipo aprobadas por la Comisi\u00f3n Europea. Por ello, la utilizaci\u00f3n de estos proveedores no da lugar a\u00a0un menor grado de protecci\u00f3n de tus datos personales que el que tendr\u00eda la utilizaci\u00f3n de proveedores ubicados en la Uni\u00f3n Europea.<\/p>\n<h2>\u00bfC\u00f3mo ejercer sus derechos?<\/h2>\n<p>En cualquier momento podr\u00e1s ejercitar tus derechos de acceso, rectificaci\u00f3n, cancelaci\u00f3n y oposici\u00f3n, as\u00ed como, en su caso, el derecho de portabilidad y limitaci\u00f3n del tratamiento, recogidos en el RGPD (UE) 216\/679, dirigi\u00e9ndose a: Camino de Vera s\/n; CPI- Edif. 8G Acceso B \u2013 46022 Valencia (Espa\u00f1a), o mediante correo electr\u00f3nico a dpo@iti.es. Deber\u00e1s especificar qu\u00e9 derecho deseas ejercitar, as\u00ed como tus datos identificativos. En caso de que, para verificar tu identidad, necesitemos datos adicionales a los que nos facilites, te lo haremos saber.<\/p>\n<p>En cualquier caso, puede dirigirse a la Agencia Espa\u00f1ola de Protecci\u00f3n de Datos\u00a0<a href=\"http:\/\/www.agpd.es\/\" target=\"_blank\" rel=\"noopener noreferrer\">www.agpd.es<\/a>, para iniciar los tr\u00e1mites oportunos en defensa de sus derechos.<\/p>\n<h2>Contacte con nuestro Delegado de Protecci\u00f3n de Datos (DPO)<\/h2>\n<ul>\n<li>info@iiama.upv.es<\/li>\n<li>Ciudad Polit\u00e9cnica de la Innovaci\u00f3n, Edificio 8G Acceso D, 5\u00aa planta Camino de Vera S\/N \u2013 46022 Valencia \u2013 Spain<\/li>\n<\/ul>\n","protected":false},"excerpt":{"rendered":"<p>Identificaci\u00f3n del responsable del tratamiento de datos: IIAMA Ciudad Polit\u00e9cnica de la Innovaci\u00f3n, Edificio 8G Acceso D, 5\u00aa planta Camino de Vera S\/N \u2013 46022 Valencia \u2013 Spain \u00bfQu\u00e9 datos personales tratamos? Tratamos tus datos en el marco de su navegaci\u00f3n por nuestra web, contacto a trav\u00e9s de e-mail o los formularios de contacto o [&hellip;]<\/p>\n","protected":false},"author":1,"featured_media":0,"parent":0,"menu_order":0,"comment_status":"closed","ping_status":"closed","template":"","meta":{"_et_pb_use_builder":"","_et_pb_old_content":"","_et_gb_content_width":"","footnotes":""},"class_list":["post-206","page","type-page","status-publish","hentry"],"_links":{"self":[{"href":"https:\/\/egroundwater.com\/es\/wp-json\/wp\/v2\/pages\/206","targetHints":{"allow":["GET"]}}],"collection":[{"href":"https:\/\/egroundwater.com\/es\/wp-json\/wp\/v2\/pages"}],"about":[{"href":"https:\/\/egroundwater.com\/es\/wp-json\/wp\/v2\/types\/page"}],"author":[{"embeddable":true,"href":"https:\/\/egroundwater.com\/es\/wp-json\/wp\/v2\/users\/1"}],"replies":[{"embeddable":true,"href":"https:\/\/egroundwater.com\/es\/wp-json\/wp\/v2\/comments?post=206"}],"version-history":[{"count":0,"href":"https:\/\/egroundwater.com\/es\/wp-json\/wp\/v2\/pages\/206\/revisions"}],"wp:attachment":[{"href":"https:\/\/egroundwater.com\/es\/wp-json\/wp\/v2\/media?parent=206"}],"curies":[{"name":"wp","href":"https:\/\/api.w.org\/{rel}","templated":true}]}}