{"id":28,"date":"2020-11-04T09:03:47","date_gmt":"2020-11-04T09:03:47","guid":{"rendered":"http:\/\/egroundwater.com\/?page_id=28"},"modified":"2021-01-25T17:36:26","modified_gmt":"2021-01-25T17:36:26","slug":"note-legale","status":"publish","type":"page","link":"https:\/\/egroundwater.com\/fr\/note-legale\/","title":{"rendered":"Note l\u00e9gale"},"content":{"rendered":"<p>Cet avis juridique est conforme aux dispositions de la loi 34\/02 sur les services de la soci\u00e9t\u00e9 de l&#8217;information et le commerce \u00e9lectronique (LSSICE) :<\/p>\n<h1>1. Propri\u00e9t\u00e9 du site web<\/h1>\n<p>1.1 Le site www.egroundwater.com est la propri\u00e9t\u00e9 de l&#8217;IIAMA &#8211; UPV<\/p>\n<p>1.2 L&#8217;utilisation de ce site Web vous conf\u00e8re le statut d&#8217;Utilisateur et implique votre acceptation totale et inconditionnelle de tous les termes et conditions du pr\u00e9sent avis juridique tel que publi\u00e9 par l&#8217;IIAMA &#8211; UPV lorsque l&#8217;Utilisateur acc\u00e8de au site Web.<\/p>\n<p>1.3 IIAMA &#8211; UPV se r\u00e9serve le droit de modifier la pr\u00e9sente notice l\u00e9gale. L&#8217;Utilisateur doit consulter les termes et conditions mis \u00e0 jour par XXX. de temps en temps<\/p>\n<h1>2. Objectif du site web<\/h1>\n<p>Le but de ce site Web est de vous fournir des informations sur les activit\u00e9s men\u00e9es par eGROUNDWATER, ainsi que la publication d&#8217;\u00e9v\u00e9nements et de nouvelles de tiers li\u00e9s.<\/p>\n<h1>3. Utilisation du site web<\/h1>\n<p>3.1 L&#8217;acc\u00e8s \u00e0 ce site web est destin\u00e9 aux utilisateurs de plus de 18 ans.<\/p>\n<p>3.2 Pour pouvoir utiliser les Services, les mineurs doivent obtenir l&#8217;autorisation pr\u00e9alable de leurs parents, tuteurs ou repr\u00e9sentants l\u00e9gaux, qui seront responsables de tous les actes accomplis par les mineurs dont ils ont la charge.<\/p>\n<p>3.3 L&#8217;acc\u00e8s \u00e0 la zone priv\u00e9e du Site Web est uniquement destin\u00e9 au personnel de eGROUNDWATER et aux personnes pr\u00e9alablement autoris\u00e9es et dot\u00e9es d&#8217;un nom d&#8217;utilisateur et d&#8217;un mot de passe pour y acc\u00e9der.<\/p>\n<p>3.4 Les Utilisateurs autoris\u00e9s \u00e0 acc\u00e9der \u00e0 la zone priv\u00e9e sont seuls responsables de la conservation et de la sauvegarde de leur mot de passe.<\/p>\n<p>3.5 Obligation de faire un usage correct du Site.<\/p>\n<p>3.5.1 Les utilisateurs s&#8217;engagent \u00e0 utiliser ce site web dans le respect de la loi, du pr\u00e9sent avis juridique et de tout autre avis, r\u00e8glement d&#8217;utilisation ou instructions qui leur sont communiqu\u00e9s, ainsi qu&#8217;en conformit\u00e9 avec l&#8217;\u00e9thique et les bonnes pratiques g\u00e9n\u00e9ralement accept\u00e9es et l&#8217;ordre public.<\/p>\n<p>3.5. 2. A cet effet, les Utilisateurs s&#8217;abstiendront d&#8217;utiliser l&#8217;un de nos Services \u00e0 des fins illicites, ou de toute mani\u00e8re contraire aux termes de la pr\u00e9sente Notice l\u00e9gale, ou pr\u00e9judiciable aux droits et int\u00e9r\u00eats de tiers, ou nuisible \u00e0 leur image personnelle ou professionnelle, ou de toute mani\u00e8re qui pourrait endommager, d\u00e9sactiver, surcharger, alt\u00e9rer ou perturber l&#8217;utilisation normale des Services, le mat\u00e9riel informatique ou tout type de documents, fichiers ou contenus stock\u00e9s sur tout mat\u00e9riel informatique (hacking) appartenant \u00e0 IIAMA &#8211; UPV autres Utilisateurs ou \u00e0 tout autre utilisateur d&#8217;Internet (mat\u00e9riel et logiciel).<\/p>\n<p>3.5.3 En particulier, \u00e0 titre indicatif et non exhaustif, les Utilisateurs s&#8217;engagent \u00e0 ne pas transmettre, diffuser ou mettre \u00e0 disposition de tiers toute information, donn\u00e9e, contenu, message, graphique, dessin, fichier son et\/ou image, photographie, enregistrement, logiciel et, de mani\u00e8re g\u00e9n\u00e9rale, tout mat\u00e9riel qui :<\/p>\n<p>(a) sont contraires, ou m\u00e9connaissent, ou portent atteinte aux droits fondamentaux et aux libert\u00e9s publiques reconnus dans la Constitution, les trait\u00e9s internationaux et toutes les autres lois ;<\/p>\n<p>(b) induisent, incitent ou favorisent des actions criminelles, d\u00e9gradantes, diffamatoires, calomnieuses ou violentes ou, d&#8217;une mani\u00e8re g\u00e9n\u00e9rale, des actions contraires aux lois, \u00e0 l&#8217;\u00e9thique, aux bonnes pratiques g\u00e9n\u00e9ralement accept\u00e9es ou \u00e0 l&#8217;ordre public ;<\/p>\n<p>(c) inciter, encourager ou promouvoir des actions, des attitudes ou des pens\u00e9es discriminatoires fond\u00e9es sur le sexe, la race, la religion, les croyances, l&#8217;\u00e2ge ou la condition ;<\/p>\n<p>(d) inclure, mettre \u00e0 disposition ou permettre l&#8217;acc\u00e8s \u00e0 des produits, \u00e9l\u00e9ments, messages et\/ou services de nature criminelle, violente, offensante, nuisible ou d\u00e9gradante ou, d&#8217;une mani\u00e8re g\u00e9n\u00e9rale, contraire aux lois, \u00e0 l&#8217;\u00e9thique, aux bonnes pratiques g\u00e9n\u00e9ralement admises ou \u00e0 l&#8217;ordre public ;<\/p>\n<p>(e) provoquer ou \u00eatre susceptible de provoquer un \u00e9tat d&#8217;anxi\u00e9t\u00e9 ou de peur d\u00e9raisonnable ;<\/p>\n<p>(f) inciter ou pouvoir inciter \u00e0 se livrer \u00e0 des pratiques susceptibles de mettre en danger, de risquer ou de nuire \u00e0 la sant\u00e9 ou \u00e0 la stabilit\u00e9 mentale d&#8217;une personne ;<\/p>\n<p>(g) sont fausses, ambigu\u00ebs, inexactes, exag\u00e9r\u00e9es ou extemporan\u00e9es, de sorte qu&#8217;elles sont ou peuvent \u00eatre trompeuses quant \u00e0 leur but ou aux intentions ou objectifs de l&#8217;auteur de la communication ;<\/p>\n<p>(h) sont prot\u00e9g\u00e9s par des droits de propri\u00e9t\u00e9 intellectuelle ou industrielle de tiers, lorsque les utilisateurs n&#8217;ont pas obtenu l&#8217;autorisation pr\u00e9alable n\u00e9cessaire de leurs propri\u00e9taires pour l&#8217;utilisation qu&#8217;ils font ou entendent faire ;<\/p>\n<p>(i) violent des secrets d&#8217;affaires de tiers ;<\/p>\n<p>(i) sont contraires au droit \u00e0 l&#8217;honneur et au respect de la vie priv\u00e9e et familiale et \u00e0 l&#8217;image de soi ;<\/p>\n<p>(k) portent atteinte \u00e0 la r\u00e9putation de xxx ou de tiers de quelque mani\u00e8re que ce soit ;<\/p>\n<p>(l) enfreignent la l\u00e9gislation sur le secret des communications ;<\/p>\n<p>(m) constituent une publicit\u00e9 illicite, trompeuse ou d\u00e9loyale et, d&#8217;une mani\u00e8re g\u00e9n\u00e9rale, constituent une concurrence d\u00e9loyale ;<\/p>\n<p>(n) contenir des virus ou d&#8217;autres \u00e9l\u00e9ments physiques ou \u00e9lectroniques susceptibles d&#8217;endommager ou d&#8217;emp\u00eacher le fonctionnement normal du r\u00e9seau et du mat\u00e9riel ou des logiciels appartenant \u00e0 xxxx ou \u00e0 des tiers, ou susceptibles d&#8217;endommager les documents \u00e9lectroniques et les fichiers stock\u00e9s dans ce mat\u00e9riel.<\/p>\n<p>(o) provoquer des alt\u00e9rations dans le fonctionnement normal du service en raison de ses caract\u00e9ristiques (telles que le format, l&#8217;extension, etc.).<\/p>\n<p>3.6 XXX d\u00e9cline toute responsabilit\u00e9 sur les liens externes qui pourraient \u00eatre ins\u00e9r\u00e9s dans le site Web, car ils sont hors du contr\u00f4le de xxxx. Les utilisateurs acc\u00e8dent aux contenus de ces sites sous leur propre responsabilit\u00e9 et sous r\u00e9serve des conditions d&#8217;utilisation qui r\u00e9gissent ces sites.<\/p>\n<p>3.7 IIAMA &#8211; UPV d\u00e9cline toute responsabilit\u00e9 sur les contenus t\u00e9l\u00e9charg\u00e9s sur ce site web par des tiers sans le consentement ou la connaissance de IIAMA &#8211; UPV, et sur tout contenu dont l&#8217;ill\u00e9galit\u00e9 n&#8217;est pas connue de IIAMA &#8211; UPV car elle n&#8217;a pas \u00e9t\u00e9 pr\u00e9alablement notifi\u00e9e \u00e0 IIAMA &#8211; UPV par tout moyen prouvant la r\u00e9ception de celui-ci.<\/p>\n<h1>4. Protection des donn\u00e9es \u00e0 caract\u00e8re personnel<\/h1>\n<p>4.1 Les donn\u00e9es personnelles fournies par les Utilisateurs seront stock\u00e9es dans un fichier appartenant \u00e0 l&#8217;IIAMA &#8211; UPV afin de g\u00e9rer la relation des Utilisateurs avec le Site et de r\u00e9soudre les doutes et les questions des Utilisateurs.<\/p>\n<p>4.2 Les Utilisateurs recevront \u00e9galement des informations concernant nos activit\u00e9s, telles que les derni\u00e8res mises \u00e0 jour, les promotions ou les remises qui pourraient les int\u00e9resser.<\/p>\n<p>4.3 IIAMA &#8211; UPV d\u00e9clare que toutes les informations fournies seront trait\u00e9es de mani\u00e8re confidentielle et IIAMA &#8211; UPV mettra effectivement en \u0153uvre toutes les mesures de s\u00e9curit\u00e9 pour assurer la s\u00e9curit\u00e9 des donn\u00e9es personnelles des Utilisateurs.<\/p>\n<p>4.4 A tout moment, les Utilisateurs peuvent exercer leurs droits d&#8217;acc\u00e8s, de rectification, d&#8217;opposition et d&#8217;effacement en envoyant une lettre ou un courrier \u00e9lectronique \u00e0 xxxxx \u00e0 l&#8217;adresse indiqu\u00e9e ci-dessus, en pr\u00e9cisant le droit qu&#8217;ils souhaitent exercer et en joignant une copie de leur Document d&#8217;Identit\u00e9 Nationale ou de tout autre document d&#8217;identit\u00e9 similaire.<\/p>\n<p>4.5 Cookies<\/p>\n<p>4.5.1 Afin de rationaliser les services offerts, l&#8217;IIAMA &#8211; UPV utilisera des cookies pour vous offrir un service meilleur et plus personnalis\u00e9. Ces cookies sont plac\u00e9s sur votre ordinateur ou votre appareil chaque fois que vous commencez votre session de navigation sur l&#8217;un des sites web de IIAMA &#8211; UPV. Si vous ne souhaitez pas qu&#8217;un cookie soit install\u00e9 sur votre ordinateur ou votre appareil, vous pouvez soit modifier les param\u00e8tres des cookies de votre navigateur en suivant les instructions fournies par celui-ci, soit les supprimer directement de votre ordinateur ou de votre appareil.<\/p>\n<p>4.5.2 Si les cookies sont d\u00e9sactiv\u00e9s ou supprim\u00e9s, la vitesse et la qualit\u00e9 du fonctionnement des services de eGROUNDWATER peuvent \u00eatre diminu\u00e9es.<\/p>\n<p>IIAMA &#8211; UPV conservera vos habitudes de navigation afin d&#8217;adapter au mieux nos services \u00e0 vos pr\u00e9f\u00e9rences. Les utilisateurs consentent express\u00e9ment \u00e0 ce que IIAMA &#8211; UPV utilise des cookies, sans qu&#8217;il soit n\u00e9cessaire de demander votre consentement chaque fois que vous acc\u00e9dez \u00e0 notre site web<\/p>\n<h1>5. Propri\u00e9t\u00e9 intellectuelle et industrielle<\/h1>\n<p>5.1 IIAMA &#8211; UPV est titulaire des droits de propri\u00e9t\u00e9 intellectuelle et industrielle associ\u00e9s au nom de domaine, aux marques et signes distinctifs, \u00e0 l&#8217;application, \u00e0 l&#8217;information, au logiciel et \u00e0 toutes les autres \u0153uvres et inventions contenues ou li\u00e9es \u00e0 ce site web et \u00e0 la technologie qui lui est associ\u00e9e, ou a obtenu les autorisations ou licences pour les exploiter.<\/p>\n<p>5.2 Les contenus de ce site web, y compris les dessins, les applications, les textes, les images et le code source (les &#8220;contenus&#8221;) sont prot\u00e9g\u00e9s par des droits de propri\u00e9t\u00e9 intellectuelle et industrielle, \u00e0 l&#8217;exception des contenus appartenant \u00e0 des tiers qui peuvent \u00eatre affich\u00e9s sur le site web.<\/p>\n<p>5.3 Les contenus de ce site web ne peuvent \u00eatre utilis\u00e9s, reproduits, copi\u00e9s, transform\u00e9s ou transmis de quelque mani\u00e8re que ce soit sans l&#8217;accord pr\u00e9alable et expr\u00e8s de l&#8217;IIAMA &#8211; UPV par \u00e9crit.<\/p>\n<h1>6. Droit applicable et juridiction<\/h1>\n<p>6.1 La loi espagnole s&#8217;appliquera \u00e0 toutes les dispositions du pr\u00e9sent avis et \u00e0 son interpr\u00e9tation, ainsi qu&#8217;\u00e0 la r\u00e9solution de tout litige pouvant survenir entre l&#8217;utilisateur et IIAMA &#8211; UPV.<\/p>\n<p>6.2 Tant l&#8217;Utilisateur que IIAMA &#8211; UPV se soumettent \u00e0 la juridiction des Cours et Tribunaux de la ville de Valence, en renon\u00e7ant express\u00e9ment \u00e0 leur droit de recours \u00e0 toute autre juridiction.<\/p>\n","protected":false},"excerpt":{"rendered":"<p>Cet avis juridique est conforme aux dispositions de la loi 34\/02 sur les services de la soci\u00e9t\u00e9 de l&#8217;information et le commerce \u00e9lectronique (LSSICE) : 1. Propri\u00e9t\u00e9 du site web 1.1 Le site www.egroundwater.com est la propri\u00e9t\u00e9 de l&#8217;IIAMA &#8211; UPV 1.2 L&#8217;utilisation de ce site Web vous conf\u00e8re le statut d&#8217;Utilisateur et implique votre [&hellip;]<\/p>\n","protected":false},"author":1,"featured_media":0,"parent":0,"menu_order":0,"comment_status":"closed","ping_status":"closed","template":"","meta":{"_et_pb_use_builder":"","_et_pb_old_content":"","_et_gb_content_width":"","footnotes":""},"class_list":["post-28","page","type-page","status-publish","hentry"],"_links":{"self":[{"href":"https:\/\/egroundwater.com\/fr\/wp-json\/wp\/v2\/pages\/28","targetHints":{"allow":["GET"]}}],"collection":[{"href":"https:\/\/egroundwater.com\/fr\/wp-json\/wp\/v2\/pages"}],"about":[{"href":"https:\/\/egroundwater.com\/fr\/wp-json\/wp\/v2\/types\/page"}],"author":[{"embeddable":true,"href":"https:\/\/egroundwater.com\/fr\/wp-json\/wp\/v2\/users\/1"}],"replies":[{"embeddable":true,"href":"https:\/\/egroundwater.com\/fr\/wp-json\/wp\/v2\/comments?post=28"}],"version-history":[{"count":0,"href":"https:\/\/egroundwater.com\/fr\/wp-json\/wp\/v2\/pages\/28\/revisions"}],"wp:attachment":[{"href":"https:\/\/egroundwater.com\/fr\/wp-json\/wp\/v2\/media?parent=28"}],"curies":[{"name":"wp","href":"https:\/\/api.w.org\/{rel}","templated":true}]}}