{"id":35,"date":"2020-11-04T09:05:08","date_gmt":"2020-11-04T09:05:08","guid":{"rendered":"http:\/\/egroundwater.com\/?page_id=35"},"modified":"2021-01-25T17:40:39","modified_gmt":"2021-01-25T17:40:39","slug":"politique-de-confidentialite","status":"publish","type":"page","link":"https:\/\/egroundwater.com\/fr\/politique-de-confidentialite\/","title":{"rendered":"Politique de confidentialit\u00e9"},"content":{"rendered":"<h1>Informations sur la protection des donn\u00e9es personnelles<\/h1>\n<h2>Identification du responsable du traitement des donn\u00e9es<\/h2>\n<p>IIAMA<br \/>\nCiudad Polit\u00e9cnica de la Innovaci\u00f3n,<br \/>\nEdificio 8G Acceso D, 5\u00aa planta<br \/>\nCamino de Vera S\/N &#8211; 46022<br \/>\nValence &#8211; Espagne<\/p>\n<h2>Quelles sont les donn\u00e9es personnelles que nous traitons ?<\/h2>\n<p>Nous traitons les donn\u00e9es que nous recueillons lorsque vous naviguez sur notre site web, lorsque vous nous contactez par courrier \u00e9lectronique et par le biais des formulaires de contact ou d&#8217;information en ligne sur notre site web.<\/p>\n<p>Lorsque l&#8217;utilisateur navigue sur notre site web, nous pouvons traiter les donn\u00e9es \u00e0 caract\u00e8re personnel des cat\u00e9gories suivantes :<\/p>\n<ul>\n<li>Votre identit\u00e9 et vos donn\u00e9es de navigation (nom, pr\u00e9nom, e-mail, adresse IP, etc.)<\/li>\n<li>Votre adresse postale ou \u00e9lectronique.<\/li>\n<li>Informations commerciales.<\/li>\n<li>Informations sur les demandes d&#8217;emploi pour rejoindre ITI ou ses soci\u00e9t\u00e9s associ\u00e9es.<\/li>\n<li>Dans tous les cas, les donn\u00e9es personnelles sont obtenues directement aupr\u00e8s de l&#8217;utilisateur ou par le biais de nos cookies.<\/li>\n<\/ul>\n<h2>\u00c0 quelles fins traitons-nous vos donn\u00e9es ?<\/h2>\n<p>Nous vous informons qu&#8217;ITI traite vos donn\u00e9es pour vous donner des informations sur nos objectifs et notre activit\u00e9 et en relation avec nos d\u00e9veloppements, recherches et services et, en ce qui concerne la section carri\u00e8re, pour \u00e9tudier votre demande d&#8217;emploi pour rejoindre ITI ou ses soci\u00e9t\u00e9s associ\u00e9es.<\/p>\n<p>Nous conserverons vos informations aussi longtemps qu&#8217;il sera n\u00e9cessaire pour maintenir votre relation avec ITI et, une fois celle-ci termin\u00e9e, pour une dur\u00e9e maximale de 5 ans. La dur\u00e9e pendant laquelle nous conservons vos donn\u00e9es de navigation ne sera plus d&#8217;un an \u00e0 compter de leur collecte.<\/p>\n<p>Dans certains cas, nous pouvons vous envoyer des bulletins d&#8217;information en fonction de l&#8217;int\u00e9r\u00eat l\u00e9gitime d&#8217;ITI afin de faire de la publicit\u00e9 ou de promouvoir notre activit\u00e9. Dans ces cas, en tant qu&#8217;utilisateur, vous aurez toujours la possibilit\u00e9 de refuser de recevoir de telles communications.<\/p>\n<h2>Communiquons-nous vos donn\u00e9es personnelles \u00e0 des tiers ?<\/h2>\n<p>Nous ne divulguons jamais vos donn\u00e9es personnelles \u00e0 des tiers. Si une telle communication s&#8217;av\u00e9rait n\u00e9cessaire, nous vous demanderions votre consentement explicite au pr\u00e9alable.<\/p>\n<p>Transf\u00e9rons-nous vos donn\u00e9es personnelles \u00e0 des pays situ\u00e9s en dehors de l&#8217;Espace \u00e9conomique europ\u00e9en ?<\/p>\n<p>Certains de nos prestataires de services sont situ\u00e9s aux \u00c9tats-Unis ou dans d&#8217;autres pays situ\u00e9s en dehors de l&#8217;Espace \u00e9conomique europ\u00e9en. Les services de ces fournisseurs impliquent l&#8217;existence d&#8217;un transfert international de vos donn\u00e9es \u00e0 caract\u00e8re personnel, ce qui pourrait signifier un degr\u00e9 de protection inf\u00e9rieur \u00e0 celui pr\u00e9vu par la l\u00e9gislation europ\u00e9enne.<\/p>\n<p>Cependant, tous ces fournisseurs ont sign\u00e9 avec nous les clauses contractuelles types correspondantes approuv\u00e9es par la Commission europ\u00e9enne. Par cons\u00e9quent, l&#8217;utilisation de ces fournisseurs n&#8217;entra\u00eene pas un niveau de protection de vos donn\u00e9es personnelles inf\u00e9rieur \u00e0 celui des fournisseurs situ\u00e9s dans l&#8217;Union europ\u00e9enne.<\/p>\n<h2>Comment pouvez-vous exercer vos droits ?<\/h2>\n<p>\u00c0 tout moment, vous pouvez exercer vos droits d&#8217;acc\u00e8s, de rectification, d&#8217;effacement et d&#8217;opposition et, le cas \u00e9ch\u00e9ant, vos droits de portabilit\u00e9 et de limitation du traitement des donn\u00e9es, tels qu&#8217;ils sont \u00e9nonc\u00e9s dans le RPD (UE) 216\/679, en adressant un courrier \u00e0 la Ciudad Polit\u00e9cnica de la Innovaci\u00f3n, Edificio 8G Acceso D, 5\u00aa planta Camino de Vera S\/N &#8211; 46022 Valencia &#8211; Espagne, ou en envoyant un courriel \u00e0 info@iiama.upv.esYou en pr\u00e9cisant le droit que vous souhaitez exercer, ainsi que vos donn\u00e9es d&#8217;identification. Nous vous ferons savoir si nous avons besoin de donn\u00e9es suppl\u00e9mentaires pour v\u00e9rifier votre identit\u00e9.<\/p>\n<p>Vous pouvez toujours contacter l&#8217;Agence espagnole de protection des donn\u00e9es \u00e0 l&#8217;adresse www.agpd.es pour engager les proc\u00e9dures appropri\u00e9es afin de d\u00e9fendre vos droits.<\/p>\n<h2>Contactez notre d\u00e9l\u00e9gu\u00e9 \u00e0 la protection des donn\u00e9es (DPD)<\/h2>\n<p>info@iiama.upv.es<br \/>\nCiudad Polit\u00e9cnica de la Innovaci\u00f3n, Edificio 8G Acceso D, 5\u00aa planta Camino de Vera S\/N &#8211; 46022 Valencia &#8211; Espagne<\/p>\n","protected":false},"excerpt":{"rendered":"<p>Informations sur la protection des donn\u00e9es personnelles Identification du responsable du traitement des donn\u00e9es IIAMA Ciudad Polit\u00e9cnica de la Innovaci\u00f3n, Edificio 8G Acceso D, 5\u00aa planta Camino de Vera S\/N &#8211; 46022 Valence &#8211; Espagne Quelles sont les donn\u00e9es personnelles que nous traitons ? Nous traitons les donn\u00e9es que nous recueillons lorsque vous naviguez sur [&hellip;]<\/p>\n","protected":false},"author":1,"featured_media":0,"parent":0,"menu_order":0,"comment_status":"closed","ping_status":"closed","template":"","meta":{"_et_pb_use_builder":"","_et_pb_old_content":"","_et_gb_content_width":"","footnotes":""},"class_list":["post-35","page","type-page","status-publish","hentry"],"_links":{"self":[{"href":"https:\/\/egroundwater.com\/fr\/wp-json\/wp\/v2\/pages\/35","targetHints":{"allow":["GET"]}}],"collection":[{"href":"https:\/\/egroundwater.com\/fr\/wp-json\/wp\/v2\/pages"}],"about":[{"href":"https:\/\/egroundwater.com\/fr\/wp-json\/wp\/v2\/types\/page"}],"author":[{"embeddable":true,"href":"https:\/\/egroundwater.com\/fr\/wp-json\/wp\/v2\/users\/1"}],"replies":[{"embeddable":true,"href":"https:\/\/egroundwater.com\/fr\/wp-json\/wp\/v2\/comments?post=35"}],"version-history":[{"count":0,"href":"https:\/\/egroundwater.com\/fr\/wp-json\/wp\/v2\/pages\/35\/revisions"}],"wp:attachment":[{"href":"https:\/\/egroundwater.com\/fr\/wp-json\/wp\/v2\/media?parent=35"}],"curies":[{"name":"wp","href":"https:\/\/api.w.org\/{rel}","templated":true}]}}