{"id":803,"date":"2020-11-04T09:01:14","date_gmt":"2020-11-04T09:01:14","guid":{"rendered":"https:\/\/egroundwater.com\/the-project\/"},"modified":"2021-01-26T13:15:12","modified_gmt":"2021-01-26T13:15:12","slug":"le-projet","status":"publish","type":"page","link":"https:\/\/egroundwater.com\/fr\/le-projet\/","title":{"rendered":"LE PROJET"},"content":{"rendered":"<p>[et_pb_section fb_built=&#8221;1&#8243; custom_padding_last_edited=&#8221;on|tablet&#8221; module_class=&#8221;vitamina-pseudo-breadcrumbs-seccion&#8221; _builder_version=&#8221;4.6.6&#8243; _module_preset=&#8221;default&#8221; background_color=&#8221;rgba(0,0,0,0)&#8221; vertical_offset_tablet=&#8221;0&#8243; horizontal_offset_tablet=&#8221;0&#8243; custom_padding=&#8221;||125px|&#8221; custom_padding_tablet=&#8221;||||false|false&#8221; custom_padding_phone=&#8221;&#8221; box_shadow_horizontal_tablet=&#8221;0px&#8221; box_shadow_vertical_tablet=&#8221;0px&#8221; box_shadow_blur_tablet=&#8221;40px&#8221; box_shadow_spread_tablet=&#8221;0px&#8221; locked=&#8221;off&#8221;][et_pb_row module_class=&#8221;vitamina-row-mas-ancha vitamina-pseudo-breadcrumbs-pagina&#8221; _builder_version=&#8221;4.6.6&#8243; _module_preset=&#8221;default&#8221; vertical_offset_tablet=&#8221;0&#8243; horizontal_offset_tablet=&#8221;0&#8243; custom_margin=&#8221;10px|||&#8221; z_index_tablet=&#8221;0&#8243; box_shadow_horizontal_tablet=&#8221;0px&#8221; box_shadow_vertical_tablet=&#8221;0px&#8221; box_shadow_blur_tablet=&#8221;40px&#8221; box_shadow_spread_tablet=&#8221;0px&#8221;][et_pb_column type=&#8221;4_4&#8243; _builder_version=&#8221;4.6.6&#8243; _module_preset=&#8221;default&#8221;][et_pb_code admin_label=&#8221;PseudoBreadmCrumbs&#8221; _builder_version=&#8221;4.6.6&#8243; _module_preset=&#8221;default&#8221;]<div class=\"pseudo-breadcrumbs-inner\"><a href=\"https:\/\/egroundwater.com\/fr\/\" rel=\"nofollow\">Home<\/a>&nbsp;&nbsp;<span> > <\/span>&nbsp;&nbsp;The Project<\/div>[\/et_pb_code][\/et_pb_column][\/et_pb_row][\/et_pb_section][et_pb_section fb_built=&#8221;1&#8243; custom_padding_last_edited=&#8221;on|desktop&#8221; _builder_version=&#8221;4.6.6&#8243; _module_preset=&#8221;default&#8221; background_color=&#8221;rgba(0,0,0,0)&#8221; vertical_offset_tablet=&#8221;0&#8243; horizontal_offset_tablet=&#8221;0&#8243; custom_margin=&#8221;18px||||false|false&#8221; custom_padding=&#8221;0px||0px||false|false&#8221; custom_padding_tablet=&#8221;0px||0px||false|false&#8221; custom_padding_phone=&#8221;&#8221; box_shadow_horizontal_tablet=&#8221;0px&#8221; box_shadow_vertical_tablet=&#8221;0px&#8221; box_shadow_blur_tablet=&#8221;40px&#8221; box_shadow_spread_tablet=&#8221;0px&#8221; locked=&#8221;off&#8221;][et_pb_row module_class=&#8221;vitamina-row-mas-ancha&#8221; _builder_version=&#8221;4.6.6&#8243; _module_preset=&#8221;default&#8221; vertical_offset_tablet=&#8221;0&#8243; horizontal_offset_tablet=&#8221;0&#8243; custom_margin=&#8221;20px||||false|false&#8221; custom_padding=&#8221;0px||0px||false|false&#8221; z_index_tablet=&#8221;0&#8243; box_shadow_horizontal_tablet=&#8221;0px&#8221; box_shadow_vertical_tablet=&#8221;0px&#8221; box_shadow_blur_tablet=&#8221;40px&#8221; box_shadow_spread_tablet=&#8221;0px&#8221;][et_pb_column type=&#8221;4_4&#8243; _builder_version=&#8221;4.6.6&#8243; _module_preset=&#8221;default&#8221;][et_pb_text admin_label=&#8221;%91h1%93: The project&#8221; _builder_version=&#8221;4.6.6&#8243; _module_preset=&#8221;default&#8221; custom_margin=&#8221;10px||||false|false&#8221; custom_padding=&#8221;||0px||false|false&#8221;]<\/p>\n<h1>LE PROJET<\/h1>\n<p>[\/et_pb_text][\/et_pb_column][\/et_pb_row][\/et_pb_section][et_pb_section fb_built=&#8221;1&#8243; custom_padding_last_edited=&#8221;on|desktop&#8221; _builder_version=&#8221;4.6.6&#8243; _module_preset=&#8221;default&#8221; background_color=&#8221;rgba(0,0,0,0)&#8221; vertical_offset_tablet=&#8221;0&#8243; horizontal_offset_tablet=&#8221;0&#8243; custom_margin=&#8221;10px||||false|false&#8221; custom_padding=&#8221;0px||0px||false|false&#8221; custom_padding_tablet=&#8221;0px||0px||false|false&#8221; custom_padding_phone=&#8221;&#8221; box_shadow_horizontal_tablet=&#8221;0px&#8221; box_shadow_vertical_tablet=&#8221;0px&#8221; box_shadow_blur_tablet=&#8221;40px&#8221; box_shadow_spread_tablet=&#8221;0px&#8221; locked=&#8221;off&#8221;][et_pb_row column_structure=&#8221;3_5,2_5&#8243; module_class=&#8221;vitamina-row-mas-ancha&#8221; _builder_version=&#8221;4.6.6&#8243; _module_preset=&#8221;default&#8221; vertical_offset_tablet=&#8221;0&#8243; horizontal_offset_tablet=&#8221;0&#8243; custom_margin=&#8221;0px||||false|false&#8221; custom_padding=&#8221;0px||||false|false&#8221; z_index_tablet=&#8221;0&#8243; box_shadow_horizontal_tablet=&#8221;0px&#8221; box_shadow_vertical_tablet=&#8221;0px&#8221; box_shadow_blur_tablet=&#8221;40px&#8221; box_shadow_spread_tablet=&#8221;0px&#8221;][et_pb_column type=&#8221;3_5&#8243; _builder_version=&#8221;4.6.6&#8243; _module_preset=&#8221;default&#8221;][et_pb_text admin_label=&#8221;Context&#8230;Texto largo&#8221; _builder_version=&#8221;4.8.1&#8243; _module_preset=&#8221;default&#8221;]<\/p>\n<h2>Contexte<\/h2>\n<p>Les eaux souterraines sont une ressource strat\u00e9gique dans l\u2019Union Europ\u00e9enne, car elles satisfont 55% de la demande domestique. Malgr\u00e9 son importance pour l\u2019alimentation des villes, l\u2019agriculture reste le principal utilisateur dans les pays du pourtour m\u00e9diterran\u00e9en, avec environ 70% de l\u2019ensemble des volumes pr\u00e9lev\u00e9s d\u2019eau souterraine. En Espagne, 30% des superficies irrigu\u00e9es le sont \u00e0 partir d\u2019aquif\u00e8res.<\/p>\n<p>Un inventaire mondial de l\u2019utilisation des eaux souterraines en agriculture conduit par la FAO indique que <strong>environ 40% de la superficie totale irrigu\u00e9e d\u00e9pend actuellement des eaux souterraines<\/strong>. Des pr\u00e9l\u00e8vements d\u2019eau souterraine pour l\u2019agriculture, tr\u00e8s fr\u00e9quents et souvent non ou mal r\u00e9gul\u00e9s, ont conduit \u00e0 une baisse des niveaux piezom\u00e9triques et \u00e0 une d\u00e9gradation de quelques uns des aquif\u00e8res d\u2019importance majeure dans le monde.<\/p>\n<p>Les impacts du <strong>changement climatique<\/strong> sur les ressources en eau en Europe du Sud et en Afrique du Nord inclue une baisse de la pluviom\u00e9trie, ce qui va impacter les aquif\u00e8res, la s\u00e9curit\u00e9 alimentaire, l\u2019usage durable des sols, et une r\u00e9duction de la superficie agricole utile.<\/p>\n<p>Un des enjeux majeurs de la gestion des eaux souterraines est le <strong>manque de donn\u00e9es<\/strong>. Les innovations li\u00e9es au \u00ab\u00a0Big Data\u00a0\u00bb et \u00e0 l\u2019apparition de nouveaux syst\u00e8mes d\u2019information peuvent jouer un r\u00f4le cl\u00e9 pour r\u00e9soudre ce probl\u00e8me, en permettant aux utilisateurs et aux gestionnaires d\u2019avoir acc\u00e8s \u00e0 une information pr\u00e9cise et utile. De nouveaux types de donn\u00e9s peuvent am\u00e9liorer la pr\u00e9cision et le degr\u00e9 de confiance des r\u00e9sultats des mod\u00e8les hydrog\u00e9ologiques, et les d\u00e9cisions de gestion. De plus, une meilleure connaissance des eaux souterraines sera aussi de plus en plus n\u00e9cesaire dans un futur proche, compete tenu des incertitudes croissantes sur la disponibilit\u00e9 de l\u2019eau du fait des changements climatiques et globaux .<\/p>\n<h2><strong>LA SOLUTION eGROUNDWATER<\/strong><\/h2>\n<blockquote>\n<p>L\u2019objectif principal du projet eGROUNDWATER est de d\u00e9velopper des syst\u00e8mes d\u2019information qui am\u00e9liorent la connaissance des syst\u00e8mes hydriques en M\u00e9diterran\u00e9e, et qui accompagne la conception de strat\u00e9gie d\u2019adaptation innovantes pour un gestion durable et efficace.<\/p>\n<\/blockquote>\n<p>Les moyens traditionnels de <strong>collecte de donn\u00e9es<\/strong> sont compl\u00e9ment\u00e9s par des techniques innovantes, telles que les syst\u00e8mes d\u2019observation de la Terre (drones, t\u00e9l\u00e9d\u00e9tection), des capteurs automatiques (mesure de l\u2019humidit\u00e9 des sols), l\u2019utilisation d\u2019outils fond\u00e9s sur les Nouvelles Technologies de l\u2019Information et de la Communication (par exemple les applications sur mobiles), et l\u2019engagement des citoyens et des acteurs dans la collecte de donn\u00e9es (science citoyenne).<\/p>\n<p>De <strong>nouvelles opportunit\u00e9s<\/strong> pour de meilleurs syst\u00e8mes d\u2019information peuvent appuyer un meilleur \u00e9change et usage des informations et connaissances entre les acteurs, les mod\u00e9lisateurs, et les gestionnaires, sur la situation des syst\u00e8mes hydrog\u00e9ologiques et les strat\u00e9gies possibles de gestion. L\u2019engagement dans la science citoyenne peut ouvrir des opportunit\u00e9s d\u2019un apprentissage et promouvoir la capacit\u00e9 des usagers \u00e0 comprendre et \u00e0 g\u00e9rer des th\u00e9matiques complexes li\u00e9es \u00e0 la gestion des eaux souterraines.<\/p>\n<h2><strong>FEUILLE DE ROUTE DU PROJET<\/strong><\/h2>\n<p>Les \u00e9tapes pr\u00e9vues du projet eGROUNDWATER sont les suivantes:<\/p>\n<ol>\n<li><strong>Evaluer les syst\u00e8mes d\u2019information<\/strong> sur les ressources en eau et les usagers dans les pays membres du groupe PRIMA-PS (Maroc, Portugal, Alg\u00e9rie et Espagne) et identifier les manques en termes de collecte d\u2019information et de gestion des donn\u00e9es pour am\u00e9liorer les syst\u00e8mes d\u2019information.<\/li>\n<li><strong>D\u00e9velopper des outils innovants<\/strong> bas\u00e9s sur les TIC pour am\u00e9liorer l&#8217;acquisition d&#8217;informations en utilisant des techniques de science citoyenne.<\/li>\n<li><strong>Am\u00e9liorer les outils existants de mod\u00e9lisation des eaux souterraines<\/strong> et permettre l&#8217;utilisation de mod\u00e8les am\u00e9lior\u00e9s.<\/li>\n<li><strong>D\u00e9velopper des strat\u00e9gies am\u00e9lior\u00e9es de gestion participative des eaux souterraines<\/strong>, soutenues par le syst\u00e8me d&#8217;information am\u00e9lior\u00e9 et la mod\u00e9lisation de l&#8217;\u00e9coulement des eaux souterraines, et des outils de gestion.<\/li>\n<li><strong>Analyser les impacts socio-\u00e9conomiques potentiels<\/strong> en examinant comment ils peuvent affecter la fa\u00e7on dont l&#8217;eau est partag\u00e9e entre les utilisateurs, comment les r\u00e8gles sont appliqu\u00e9es et comment les utilisateurs, les gestionnaires et les autres parties prenantes apprennent et interagissent entre eux.<\/li>\n<li><strong>\u00c9valuer les transitions institutionnelles et les actions de renforcement des capacit\u00e9s n\u00e9cessaires<\/strong> pour inverser les effets des pratiques non durables actuelles et pour encourager la participation des parties prenantes et l&#8217;utilisation de diff\u00e9rentes donn\u00e9es et sources d&#8217;information.<\/li>\n<li><strong>Utiliser l&#8217;outil bas\u00e9 sur les TIC<\/strong> dans les pays PRIMA-PS et \u00e9tudier le potentiel de r\u00e9plication dans d&#8217;autres zones d&#8217;\u00e9tude de cas.<\/li>\n<\/ol>\n<p>[\/et_pb_text][\/et_pb_column][et_pb_column type=&#8221;2_5&#8243; _builder_version=&#8221;4.6.6&#8243; _module_preset=&#8221;default&#8221;][et_pb_text admin_label=&#8221;vtm-pagina-cuadro-azul-oscuro&#8221; module_class=&#8221;vtm-pagina-cuadro-azul-oscuro&#8221; _builder_version=&#8221;4.8.1&#8243; _module_preset=&#8221;default&#8221; custom_margin=&#8221;||52px||false|false&#8221;]<\/p>\n<h2>Resume<\/h2>\n<p>L&#8217;objectif global d&#8217;eGROUNDWATER est de soutenir la gestion participative durable des eaux souterraines dans les r\u00e9gions m\u00e9diterran\u00e9ennes par la conception, l&#8217;essai et l&#8217;\u00e9valuation de syst\u00e8mes d&#8217;information am\u00e9lior\u00e9s (SIE).<\/p>\n<p>Des SIE innovants int\u00e9grant la science citoyenne et des outils bas\u00e9s sur les TIC seront con\u00e7us et test\u00e9s pour am\u00e9liorer la compr\u00e9hension des syst\u00e8mes d&#8217;eaux souterraines et, avec le soutien de la mod\u00e9lisation et des approches participatives, engager les parties prenantes dans le co-d\u00e9veloppement d&#8217;une gestion durable des eaux souterraines.<\/p>\n<p>[\/et_pb_text][et_pb_text admin_label=&#8221;vtm-pagina-cuadro-gris&#8221; module_class=&#8221;vtm-pagina-cuadro-gris&#8221; _builder_version=&#8221;4.8.1&#8243; _module_preset=&#8221;default&#8221;]<\/p>\n<h2><span>Informations g\u00e9n\u00e9rales<\/span><\/h2>\n<p><strong>Titre<\/strong><br \/>\nLa science citoyenne et les syst\u00e8mes d&#8217;information am\u00e9lior\u00e9s bas\u00e9s sur les TIC pour l&#8217;\u00e9valuation, la mod\u00e9lisation et la gestion participative durable des eaux souterraines.<\/p>\n<p><strong>P\u00e9riode<\/strong><br \/>\n2020-2024<\/p>\n<p><strong><span>Budget total<\/span><\/strong><br \/>\n1.600.000 \u20ac<\/p>\n<p><strong>Coordonn\u00e9 par<\/strong><br \/>\nIIAMA &#8211; Universitat Polit\u00e8cnica de Val\u00e8ncia (SPAIN)[\/et_pb_text][\/et_pb_column][\/et_pb_row][\/et_pb_section][et_pb_section fb_built=&#8221;1&#8243; custom_padding_last_edited=&#8221;on|desktop&#8221; _builder_version=&#8221;4.6.6&#8243; _module_preset=&#8221;default&#8221; background_color=&#8221;#EFF0F0&#8243; vertical_offset_tablet=&#8221;0&#8243; horizontal_offset_tablet=&#8221;0&#8243; custom_margin=&#8221;18px||||false|false&#8221; custom_padding=&#8221;0px||125px||false|false&#8221; custom_padding_tablet=&#8221;0px||0px||false|false&#8221; custom_padding_phone=&#8221;&#8221; box_shadow_horizontal_tablet=&#8221;0px&#8221; box_shadow_vertical_tablet=&#8221;0px&#8221; box_shadow_blur_tablet=&#8221;40px&#8221; box_shadow_spread_tablet=&#8221;0px&#8221; locked=&#8221;off&#8221;][et_pb_row module_class=&#8221;vitamina-row-mas-ancha&#8221; _builder_version=&#8221;4.6.6&#8243; _module_preset=&#8221;default&#8221; vertical_offset_tablet=&#8221;0&#8243; horizontal_offset_tablet=&#8221;0&#8243; custom_margin=&#8221;0px||||false|false&#8221; custom_padding=&#8221;90px||||false|false&#8221; z_index_tablet=&#8221;0&#8243; box_shadow_horizontal_tablet=&#8221;0px&#8221; box_shadow_vertical_tablet=&#8221;0px&#8221; box_shadow_blur_tablet=&#8221;40px&#8221; box_shadow_spread_tablet=&#8221;0px&#8221;][et_pb_column type=&#8221;4_4&#8243; _builder_version=&#8221;4.6.6&#8243; _module_preset=&#8221;default&#8221;][et_pb_text admin_label=&#8221;Schematic of the ICT-based platform&#8221; _builder_version=&#8221;4.6.6&#8243; _module_preset=&#8221;default&#8221;]<\/p>\n<h3>Schematic of the ICT-based platform<\/h3>\n<p>[\/et_pb_text][et_pb_image src=&#8221;https:\/\/egroundwater.com\/wp-content\/uploads\/2021\/01\/Grafic-fr-1.png&#8221; title_text=&#8221;Grafic-fr&#8221; _builder_version=&#8221;4.8.1&#8243; _module_preset=&#8221;default&#8221; hover_enabled=&#8221;0&#8243; sticky_enabled=&#8221;0&#8243;][\/et_pb_image][\/et_pb_column][\/et_pb_row][\/et_pb_section]<\/p>\n","protected":false},"excerpt":{"rendered":"<p><div class=\"pseudo-breadcrumbs-inner\"><a href=\"https:\/\/egroundwater.com\/fr\/\" rel=\"nofollow\">Home<\/a>&nbsp;&nbsp;<span> > <\/span>&nbsp;&nbsp;The Project<\/div>LE PROJETContexte Les eaux souterraines sont une ressource strat\u00e9gique dans l\u2019Union Europ\u00e9enne, car elles satisfont 55% de la demande domestique. Malgr\u00e9 son importance pour l\u2019alimentation des villes, l\u2019agriculture reste le principal utilisateur dans les pays du pourtour m\u00e9diterran\u00e9en, avec environ 70% de l\u2019ensemble des volumes pr\u00e9lev\u00e9s d\u2019eau souterraine. En Espagne, 30% [&hellip;]<\/p>\n","protected":false},"author":1,"featured_media":0,"parent":0,"menu_order":0,"comment_status":"closed","ping_status":"closed","template":"","meta":{"_et_pb_use_builder":"on","_et_pb_old_content":"","_et_gb_content_width":"","footnotes":""},"class_list":["post-803","page","type-page","status-publish","hentry"],"_links":{"self":[{"href":"https:\/\/egroundwater.com\/fr\/wp-json\/wp\/v2\/pages\/803","targetHints":{"allow":["GET"]}}],"collection":[{"href":"https:\/\/egroundwater.com\/fr\/wp-json\/wp\/v2\/pages"}],"about":[{"href":"https:\/\/egroundwater.com\/fr\/wp-json\/wp\/v2\/types\/page"}],"author":[{"embeddable":true,"href":"https:\/\/egroundwater.com\/fr\/wp-json\/wp\/v2\/users\/1"}],"replies":[{"embeddable":true,"href":"https:\/\/egroundwater.com\/fr\/wp-json\/wp\/v2\/comments?post=803"}],"version-history":[{"count":0,"href":"https:\/\/egroundwater.com\/fr\/wp-json\/wp\/v2\/pages\/803\/revisions"}],"wp:attachment":[{"href":"https:\/\/egroundwater.com\/fr\/wp-json\/wp\/v2\/media?parent=803"}],"curies":[{"name":"wp","href":"https:\/\/api.w.org\/{rel}","templated":true}]}}