{"id":917,"date":"2020-11-04T09:01:14","date_gmt":"2020-11-04T09:01:14","guid":{"rendered":"https:\/\/egroundwater.com\/the-project\/"},"modified":"2021-02-26T13:16:14","modified_gmt":"2021-02-26T13:16:14","slug":"the-project","status":"publish","type":"page","link":"https:\/\/egroundwater.com\/pt-pt\/the-project\/","title":{"rendered":"The Project"},"content":{"rendered":"<p>[et_pb_section fb_built=&#8221;1&#8243; custom_padding_last_edited=&#8221;on|tablet&#8221; module_class=&#8221;vitamina-pseudo-breadcrumbs-seccion&#8221; _builder_version=&#8221;4.6.6&#8243; _module_preset=&#8221;default&#8221; background_color=&#8221;rgba(0,0,0,0)&#8221; vertical_offset_tablet=&#8221;0&#8243; horizontal_offset_tablet=&#8221;0&#8243; custom_padding=&#8221;||125px|&#8221; custom_padding_tablet=&#8221;||||false|false&#8221; custom_padding_phone=&#8221;&#8221; box_shadow_horizontal_tablet=&#8221;0px&#8221; box_shadow_vertical_tablet=&#8221;0px&#8221; box_shadow_blur_tablet=&#8221;40px&#8221; box_shadow_spread_tablet=&#8221;0px&#8221; locked=&#8221;off&#8221;][et_pb_row module_class=&#8221;vitamina-row-mas-ancha vitamina-pseudo-breadcrumbs-pagina&#8221; _builder_version=&#8221;4.6.6&#8243; _module_preset=&#8221;default&#8221; vertical_offset_tablet=&#8221;0&#8243; horizontal_offset_tablet=&#8221;0&#8243; custom_margin=&#8221;10px|||&#8221; z_index_tablet=&#8221;0&#8243; box_shadow_horizontal_tablet=&#8221;0px&#8221; box_shadow_vertical_tablet=&#8221;0px&#8221; box_shadow_blur_tablet=&#8221;40px&#8221; box_shadow_spread_tablet=&#8221;0px&#8221;][et_pb_column type=&#8221;4_4&#8243; _builder_version=&#8221;4.6.6&#8243; _module_preset=&#8221;default&#8221;][et_pb_code admin_label=&#8221;PseudoBreadmCrumbs&#8221; _builder_version=&#8221;4.6.6&#8243; _module_preset=&#8221;default&#8221;]<div class=\"pseudo-breadcrumbs-inner\"><a href=\"https:\/\/egroundwater.com\/pt-pt\/\" rel=\"nofollow\">Home<\/a>&nbsp;&nbsp;<span> > <\/span>&nbsp;&nbsp;The Project<\/div>[\/et_pb_code][\/et_pb_column][\/et_pb_row][\/et_pb_section][et_pb_section fb_built=&#8221;1&#8243; custom_padding_last_edited=&#8221;on|desktop&#8221; _builder_version=&#8221;4.6.6&#8243; _module_preset=&#8221;default&#8221; background_color=&#8221;rgba(0,0,0,0)&#8221; vertical_offset_tablet=&#8221;0&#8243; horizontal_offset_tablet=&#8221;0&#8243; custom_margin=&#8221;18px||||false|false&#8221; custom_padding=&#8221;0px||0px||false|false&#8221; custom_padding_tablet=&#8221;0px||0px||false|false&#8221; custom_padding_phone=&#8221;&#8221; box_shadow_horizontal_tablet=&#8221;0px&#8221; box_shadow_vertical_tablet=&#8221;0px&#8221; box_shadow_blur_tablet=&#8221;40px&#8221; box_shadow_spread_tablet=&#8221;0px&#8221; locked=&#8221;off&#8221;][et_pb_row module_class=&#8221;vitamina-row-mas-ancha&#8221; _builder_version=&#8221;4.6.6&#8243; _module_preset=&#8221;default&#8221; vertical_offset_tablet=&#8221;0&#8243; horizontal_offset_tablet=&#8221;0&#8243; custom_margin=&#8221;20px||||false|false&#8221; custom_padding=&#8221;0px||0px||false|false&#8221; z_index_tablet=&#8221;0&#8243; box_shadow_horizontal_tablet=&#8221;0px&#8221; box_shadow_vertical_tablet=&#8221;0px&#8221; box_shadow_blur_tablet=&#8221;40px&#8221; box_shadow_spread_tablet=&#8221;0px&#8221;][et_pb_column type=&#8221;4_4&#8243; _builder_version=&#8221;4.6.6&#8243; _module_preset=&#8221;default&#8221;][et_pb_text admin_label=&#8221;%91h1%93: The project&#8221; _builder_version=&#8221;4.8.1&#8243; _module_preset=&#8221;default&#8221; custom_margin=&#8221;10px||||false|false&#8221; custom_padding=&#8221;||0px||false|false&#8221;]<\/p>\n<h1>O PROJECTO<\/h1>\n<p>[\/et_pb_text][\/et_pb_column][\/et_pb_row][\/et_pb_section][et_pb_section fb_built=&#8221;1&#8243; custom_padding_last_edited=&#8221;on|desktop&#8221; _builder_version=&#8221;4.6.6&#8243; _module_preset=&#8221;default&#8221; background_color=&#8221;rgba(0,0,0,0)&#8221; vertical_offset_tablet=&#8221;0&#8243; horizontal_offset_tablet=&#8221;0&#8243; custom_margin=&#8221;10px||||false|false&#8221; custom_padding=&#8221;0px||0px||false|false&#8221; custom_padding_tablet=&#8221;0px||0px||false|false&#8221; custom_padding_phone=&#8221;&#8221; box_shadow_horizontal_tablet=&#8221;0px&#8221; box_shadow_vertical_tablet=&#8221;0px&#8221; box_shadow_blur_tablet=&#8221;40px&#8221; box_shadow_spread_tablet=&#8221;0px&#8221; locked=&#8221;off&#8221;][et_pb_row column_structure=&#8221;3_5,2_5&#8243; module_class=&#8221;vitamina-row-mas-ancha&#8221; _builder_version=&#8221;4.6.6&#8243; _module_preset=&#8221;default&#8221; vertical_offset_tablet=&#8221;0&#8243; horizontal_offset_tablet=&#8221;0&#8243; custom_margin=&#8221;0px||||false|false&#8221; custom_padding=&#8221;0px||||false|false&#8221; z_index_tablet=&#8221;0&#8243; box_shadow_horizontal_tablet=&#8221;0px&#8221; box_shadow_vertical_tablet=&#8221;0px&#8221; box_shadow_blur_tablet=&#8221;40px&#8221; box_shadow_spread_tablet=&#8221;0px&#8221;][et_pb_column type=&#8221;3_5&#8243; _builder_version=&#8221;4.6.6&#8243; _module_preset=&#8221;default&#8221;][et_pb_text admin_label=&#8221;Context&#8230;Texto largo&#8221; _builder_version=&#8221;4.8.1&#8243; _module_preset=&#8221;default&#8221;]<\/p>\n<h2>Contexto<\/h2>\n<p>\u00a0<span style=\"font-size: 18px;\">O invent\u00e1rio global da utiliza\u00e7\u00e3o das \u00e1guas subterr\u00e2neas na agricultura conduzido pela FAO indica que quase <\/span><strong style=\"font-size: 18px;\">40% da \u00e1rea global de regadio depende agora das \u00e1guas subterr\u00e2neas<\/strong><span style=\"font-size: 18px;\">. O aumento da \u00e1rea de regadio e\u00a0 a pouca regula\u00e7\u00e3o das extra\u00e7\u00f5es, pode resultar no rebaixamento dos n\u00edveis e degrada\u00e7\u00e3o da qualidade de aqu\u00edferos, como j\u00e1 aconteceu com alguns dos aqu\u00edferos mais importantes e de melhor qualidade do mundo.<\/span><\/p>\n<p><span>Os impactos das <strong>altera\u00e7\u00f5es clim\u00e1ticas<\/strong> nos recursos h\u00eddricos no sul da <strong>Europa e norte de \u00c1frica<\/strong> incluem uma diminui\u00e7\u00e3o da precipita\u00e7\u00e3o, com consequ\u00eancias importantes para as massas de \u00e1gua subterr\u00e2neas, seguran\u00e7a alimentar, sustentabilidade dos solos e a superf\u00edcie f\u00e9rtil dispon\u00edvel para a produ\u00e7\u00e3o de alimentos.<\/span><\/p>\n<p>Uma das quest\u00f5es mais cr\u00edticas na gest\u00e3o das \u00e1guas subterr\u00e2neas \u00e9 a <strong>escassez de dados.<\/strong> O uso de <strong><em>Big Data <\/em>e Sistemas de Informa\u00e7\u00e3o Melhorados (EIS)<\/strong> s\u00e3o fundamentais para ultrapassar este obst\u00e1culo, fornecendo aos utilizadores e gestores dados e informa\u00e7\u00f5es \u00fateis, precisos e fidedignos. Esta informa\u00e7\u00e3o permite melhorar a precis\u00e3o e a confian\u00e7a dos modelos utilizados na avalia\u00e7\u00e3o, modela\u00e7\u00e3o e gest\u00e3o das \u00e1guas subterr\u00e2neas. Considerando a <strong>incerteza sobre a disponibilidade de \u00e1gua<\/strong> devido ao clima e \u00e0s altera\u00e7\u00f5es globais, um\u00a0 melhor conhecimento do recurso mais detalhado torna-se cada vez mais imprescind\u00edvel<\/p>\n<h2><strong><span>A solu\u00e7\u00e2o eGROUNDWATER<\/span><\/strong><\/h2>\n<blockquote>\n<p><span>O principal objetivo do eGROUNDWATER \u00e9 desenvolver sistemas de informa\u00e7\u00e3o que melhorem o conhecimento sobre as \u00e1guas subterr\u00e2neas na regi\u00e3o mediterr\u00e2nica e permitam o desenho de estrat\u00e9gias de adapta\u00e7\u00e3o inovadoras para a sua gest\u00e3o sustent\u00e1vel e eficiente.<\/span><\/p>\n<\/blockquote>\n<p><span>Os meios tradicionais de <strong>recolha de dados<\/strong> s\u00e3o complementados por t\u00e9cnicas inovadoras como sistemas de observa\u00e7\u00e3o da Terra (drones, dete\u00e7\u00e3o remota), sensores autom\u00e1ticos (humidade do solo), utiliza\u00e7\u00e3o de Tecnologias de Informa\u00e7\u00e3o e Comunica\u00e7\u00e3o (ICTs) (por exemplo, aplica\u00e7\u00f5es m\u00f3veis) e o envolvimento de cidad\u00e3os e partes interessadas na recolha de medidas (ci\u00eancia cidad\u00e3 ). <\/span><\/p>\n<p>Este projeto ir\u00e1 aproveitar as <strong>oportunidades<\/strong> que trazem as novas tecnologias. Novos sistemas de informa\u00e7\u00e3o podem vir a suportar uma melhor produ\u00e7\u00e3o de conhecimento sobre o estado dos sistemas de \u00e1guas subterr\u00e2neas. Tamb\u00e9m, estes sistemas podem melhorar a utiliza\u00e7\u00e3o e partilha deste conhecimento com as partes interessadas (usu\u00e1rios, modeladores e decisores). Isto pode permitir conceber <strong>melhores\u00a0 estrat\u00e9gias de gest\u00e3o<\/strong>. O envolvimento dos cidad\u00e3os promove a aprendizagem, no sentido de aumentar a capacidade dos utilizadores compreenderem e lidarem com a variabilidade e incerteza\u00a0 na gest\u00e3o das \u00e1guas subterr\u00e2neas.<\/p>\n<h2><strong><span>Gui\u00e3o do projeto<\/span><\/strong><\/h2>\n<p>Os passos que sustentam o <strong>objetivo geral do projeto eGROUNDWATER<\/strong> s\u00e3o os seguintes:<\/p>\n<ol>\n<li><span>Avaliar a <strong>possibilidade de utiliza\u00e7\u00e3o de alguns sistemas de informa\u00e7\u00e3o<\/strong> sobre recursos e utiliza\u00e7\u00f5es de \u00e1guas subterr\u00e2neas nos pa\u00edses do PRIMA-PS (Marrocos, Portugal, Arg\u00e9lia e Espanha) e identificar lacunas na recolha e p\u00f3s-processamento de informa\u00e7\u00e3o.<\/span><\/li>\n<li><span><strong>Desenvolver ferramentas inovadoras baseadas em TIC<\/strong> para uma aquisi\u00e7\u00e3o de informa\u00e7\u00e3o melhorada utilizando ci\u00eancia\u00a0 cidad\u00e3s. <\/span><\/li>\n<li><span><strong>Melhorar as ferramentas de modela\u00e7\u00e3o<\/strong> das \u00e1guas subterr\u00e2neas existentes que\u00a0 permitem o aperfei\u00e7oamento de modelos. <\/span><\/li>\n<li><span><strong>Desenvolver estrat\u00e9gias de gest\u00e3o participativa<\/strong> de \u00e1guas subterr\u00e2neas, apoiadas por novos sistemas de informa\u00e7\u00e3o (EIS) e pela modela\u00e7\u00e3o do escoamento de \u00e1gua subterr\u00e2nea e <\/span>novos modelos de governan\u00e7a.<\/li>\n<li><strong>Analisar o impacto socio-econ\u00f3mico<\/strong> destes novos sistemas de informa\u00e7\u00e3o, na intera\u00e7\u00e3o entre stakeholders e coordena\u00e7\u00e3o de usos da \u00e1gua,<\/li>\n<li><strong>Avaliar\u00a0 as transi\u00e7\u00f5es institucionais<\/strong> necess\u00e1rias para a mudan\u00e7a de pr\u00e1ticas de gest\u00e3o sustent\u00e1vel, bem como aferir as car\u00eancias de capacita\u00e7\u00e3o para este mesmo fim. Desenvolver os <em>pathway<\/em>s que permitam escalar ao n\u00edvel do pa\u00eds as estrat\u00e9gias de gest\u00e3o sustent\u00e1vel de \u00e1gua subterr\u00e2nea testadas nos casos de estudo.\u00a0<\/li>\n<li><strong>Aplicar a ferramenta baseada nas TIC<\/strong> nos pa\u00edses PRIMA-PS e estudar o potencial de replica\u00e7\u00e3o noutros locais.<\/li>\n<\/ol>\n<p>[\/et_pb_text][\/et_pb_column][et_pb_column type=&#8221;2_5&#8243; _builder_version=&#8221;4.6.6&#8243; _module_preset=&#8221;default&#8221;][et_pb_text admin_label=&#8221;vtm-pagina-cuadro-azul-oscuro&#8221; module_class=&#8221;vtm-pagina-cuadro-azul-oscuro&#8221; _builder_version=&#8221;4.8.1&#8243; _module_preset=&#8221;default&#8221; custom_margin=&#8221;||52px||false|false&#8221;]<\/p>\n<h2>Resumo<\/h2>\n<p><span>O objetivo global do eGROUNDWATER \u00e9 apoiar a gest\u00e3o participativa para a sustentabilidade\u00a0 das \u00e1guas subterr\u00e2neas nas regi\u00f5es mediterr\u00e2nicas atrav\u00e9s da conce\u00e7\u00e3o, teste e avalia\u00e7\u00e3o de novos sistemas de informa\u00e7\u00e3o (EIS). <\/span><\/p>\n<p><span>Estes sistemas de informa\u00e7\u00e3o inovadores incluem a ci\u00eancia cidad\u00e3 e ferramentas baseadas nas TIC, a fim de melhorar a compreens\u00e3o sobre os sistemas de \u00e1guas subterr\u00e2neas. Estes sistemas ser\u00e3o concebidos e testados pelo projeto. Atrav\u00e9s da participa\u00e7\u00e3o dos cidad\u00e3os e outras partes interessadas, estes sistemas, apoiados pe\u00e7a modela\u00e7\u00e3o, ser\u00e3o usados para co-criar solu\u00e7\u00f5es inovadoras para a utiliza\u00e7\u00e3o sustent\u00e1vel das \u00e1guas subterr\u00e2neas. <\/span><\/p>\n<p>[\/et_pb_text][et_pb_text admin_label=&#8221;vtm-pagina-cuadro-gris&#8221; module_class=&#8221;vtm-pagina-cuadro-gris&#8221; _builder_version=&#8221;4.6.6&#8243; _module_preset=&#8221;default&#8221;]<\/p>\n<h2><strong><span>Informa\u00e7\u00e2o geral<\/span><\/strong><\/h2>\n<p><strong>T\u00edtulo<\/strong><br \/>Ci\u00eancia cidad\u00e3 e sistemas de informa\u00e7\u00e3o melhorados baseados nas TIC para avalia\u00e7\u00e3o das \u00e1guas subterr\u00e2neas, modeliza\u00e7\u00e3o e gest\u00e3o participativa sustent\u00e1vel.<\/p>\n<p><strong>Per\u00edodo<\/strong><br \/> 2020-2024<\/p>\n<p><strong>Or\u00e7amento Global<\/strong><br \/> 1.600.000 \u20ac<\/p>\n<p><strong>Coordenado por<\/strong><br \/> IIAMA &#8211; Universitat Polit\u00e8cnica de Val\u00e8ncia (SPAIN)<\/p>\n<p>[\/et_pb_text][\/et_pb_column][\/et_pb_row][\/et_pb_section][et_pb_section fb_built=&#8221;1&#8243; custom_padding_last_edited=&#8221;on|desktop&#8221; _builder_version=&#8221;4.6.6&#8243; _module_preset=&#8221;default&#8221; background_color=&#8221;#EFF0F0&#8243; vertical_offset_tablet=&#8221;0&#8243; horizontal_offset_tablet=&#8221;0&#8243; custom_margin=&#8221;18px||||false|false&#8221; custom_padding=&#8221;0px||125px||false|false&#8221; custom_padding_tablet=&#8221;0px||0px||false|false&#8221; custom_padding_phone=&#8221;&#8221; box_shadow_horizontal_tablet=&#8221;0px&#8221; box_shadow_vertical_tablet=&#8221;0px&#8221; box_shadow_blur_tablet=&#8221;40px&#8221; box_shadow_spread_tablet=&#8221;0px&#8221; locked=&#8221;off&#8221;][et_pb_row module_class=&#8221;vitamina-row-mas-ancha&#8221; _builder_version=&#8221;4.6.6&#8243; _module_preset=&#8221;default&#8221; vertical_offset_tablet=&#8221;0&#8243; horizontal_offset_tablet=&#8221;0&#8243; custom_margin=&#8221;0px||||false|false&#8221; custom_padding=&#8221;90px||||false|false&#8221; z_index_tablet=&#8221;0&#8243; box_shadow_horizontal_tablet=&#8221;0px&#8221; box_shadow_vertical_tablet=&#8221;0px&#8221; box_shadow_blur_tablet=&#8221;40px&#8221; box_shadow_spread_tablet=&#8221;0px&#8221;][et_pb_column type=&#8221;4_4&#8243; _builder_version=&#8221;4.6.6&#8243; _module_preset=&#8221;default&#8221;][et_pb_text admin_label=&#8221;Schematic of the ICT-based platform&#8221; _builder_version=&#8221;4.6.6&#8243; _module_preset=&#8221;default&#8221;]<\/p>\n<h3>Schematic of the ICT-based platform<\/h3>\n<p>[\/et_pb_text][et_pb_image src=&#8221;https:\/\/egroundwater.com\/wp-content\/uploads\/2021\/02\/Diagrama-Desktop-1.png&#8221; title_text=&#8221;Diagrama Desktop&#8221; _builder_version=&#8221;4.9.0&#8243; _module_preset=&#8221;default&#8221;][\/et_pb_image][\/et_pb_column][\/et_pb_row][\/et_pb_section]<\/p>\n","protected":false},"excerpt":{"rendered":"<p><div class=\"pseudo-breadcrumbs-inner\"><a href=\"https:\/\/egroundwater.com\/pt-pt\/\" rel=\"nofollow\">Home<\/a>&nbsp;&nbsp;<span> > <\/span>&nbsp;&nbsp;The Project<\/div>O PROJECTOContexto \u00a0O invent\u00e1rio global da utiliza\u00e7\u00e3o das \u00e1guas subterr\u00e2neas na agricultura conduzido pela FAO indica que quase 40% da \u00e1rea global de regadio depende agora das \u00e1guas subterr\u00e2neas. O aumento da \u00e1rea de regadio e\u00a0 a pouca regula\u00e7\u00e3o das extra\u00e7\u00f5es, pode resultar no rebaixamento dos n\u00edveis e degrada\u00e7\u00e3o da qualidade [&hellip;]<\/p>\n","protected":false},"author":1,"featured_media":0,"parent":0,"menu_order":0,"comment_status":"closed","ping_status":"closed","template":"","meta":{"_et_pb_use_builder":"on","_et_pb_old_content":"","_et_gb_content_width":"","footnotes":""},"class_list":["post-917","page","type-page","status-publish","hentry"],"_links":{"self":[{"href":"https:\/\/egroundwater.com\/pt-pt\/wp-json\/wp\/v2\/pages\/917","targetHints":{"allow":["GET"]}}],"collection":[{"href":"https:\/\/egroundwater.com\/pt-pt\/wp-json\/wp\/v2\/pages"}],"about":[{"href":"https:\/\/egroundwater.com\/pt-pt\/wp-json\/wp\/v2\/types\/page"}],"author":[{"embeddable":true,"href":"https:\/\/egroundwater.com\/pt-pt\/wp-json\/wp\/v2\/users\/1"}],"replies":[{"embeddable":true,"href":"https:\/\/egroundwater.com\/pt-pt\/wp-json\/wp\/v2\/comments?post=917"}],"version-history":[{"count":0,"href":"https:\/\/egroundwater.com\/pt-pt\/wp-json\/wp\/v2\/pages\/917\/revisions"}],"wp:attachment":[{"href":"https:\/\/egroundwater.com\/pt-pt\/wp-json\/wp\/v2\/media?parent=917"}],"curies":[{"name":"wp","href":"https:\/\/api.w.org\/{rel}","templated":true}]}}